{"id":13231,"date":"2017-10-07T05:45:59","date_gmt":"2017-10-07T05:45:59","guid":{"rendered":"https:\/\/nordicinternational.co.uk\/translation-services\/"},"modified":"2018-10-15T09:25:27","modified_gmt":"2018-10-15T09:25:27","slug":"oversaettelser","status":"publish","type":"page","link":"https:\/\/nordicinternational.co.uk\/da\/oversaettelser\/","title":{"rendered":"Overs\u00e6ttelser"},"content":{"rendered":"<p>[vc_row full_width=&#8221;stretch_row&#8221; css=&#8221;.vc_custom_1528817898432{background-color: #ffffff !important;background-position: center !important;background-repeat: no-repeat !important;background-size: cover !important;}&#8221;][vc_column]<div id=\"ins-heading-69f5b5a0f34a9\" class=\"inv-section-heading-wrapper text-center position-relative  \"><div class=\"inv-section-heading-title padding-15px-bottom\"><h2 style=\"color: #2a4a73\"  class=\"ins-section-heading-title-inner no-margin text-uppercase font-weight-300\">Specialiseret overs\u00e6ttelsesbureau i Storbritannien med erfarne fagfolk, der kender dit nye publikum indg\u00e5ende<\/h2><\/div><\/div>[vc_empty_space height=&#8221;40px&#8221;][vc_row_inner equal_height=&#8221;yes&#8221; content_placement=&#8221;middle&#8221;][vc_column_inner width=&#8221;1\/2&#8243;][vc_column_text]<\/p>\n<p style=\"color: #2a4a73; text-align: left;\">Vores overs\u00e6ttelsesbureau i Storbritannien har over 25 \u00e5rs erfaring og en gruppe af ekspertovers\u00e6ttere med indg\u00e5ende kendskab til din branche.<\/p>\n<p style=\"color: #2a4a73; text-align: left;\">Vi matcher hvert projekt med en kvalificeret freelance-overs\u00e6tter med indg\u00e5ende kendskab til dit felt, hvilket sparer tid og penge og sikrer korrekt terminologi.<\/p>\n<p style=\"color: #2a4a73; text-align: left;\">Topmoderne teknologi og kontrol af en anden sprogkyndig garanterer kvalitet og ensartethed, og en professionel ansvarsforsikring giver sindsro til din virksomhed.<\/p>\n<p>[\/vc_column_text]<div id='inv-button-69f5b5a0f34f3' class='inv-button-wrapper inv-button-1-wrapper text-left inv-button-medium '><div class='inv-button-inner inv-button-1-inner'><a class='inv-button-content inv-button-1-content' href='https:\/\/nordicinternational.co.uk\/da\/kontakt-os\/' target=''>F\u00e5 et tilbud<\/a><\/div><\/div><script type=\"text\/javascript\">\r\n\t\t(function(jQuery) {jQuery(\"head\").append(\"<style>#inv-button-69f5b5a0f34f3 .inv-button-content, #inv-button-69f5b5a0f34f3 .inv-button-4-icon, #inv-button-69f5b5a0f34f3 span.inv-button-6-text {color: #2a4a73;}#inv-button-69f5b5a0f34f3 .inv-button-content, #inv-button-69f5b5a0f34f3 span.inv-button-6-text, #inv-button-69f5b5a0f34f3 .inv-button-6-content:before {border-color: #e64933;}#inv-button-69f5b5a0f34f3 .inv-button-content, #inv-button-69f5b5a0f34f3 span.inv-button-6-text, #inv-button-69f5b5a0f34f3 .inv-button-6-content:before {border-width: 2px;}#inv-button-69f5b5a0f34f3 .inv-button-content {border-radius: 21px;}#inv-button-69f5b5a0f34f3 .inv-button-content:hover, #inv-button-69f5b5a0f34f3.inv-button-4-inner:hover .inv-button-4-icon, #inv-button-69f5b5a0f34f3.inv-button-5-content:hover .inv-button-5-text,  #inv-button-69f5b5a0f34f3 .inv-button-6-content:hover span.inv-button-6-text, #inv-button-69f5b5a0f34f3.inv-button-4-content:hover .inv-button-4-icon {color: #ffffff;}#inv-button-69f5b5a0f34f3 .inv-button-content:hover, #inv-button-69f5b5a0f34f3 .inv-button-5-content:hover::after, #inv-button-69f5b5a0f34f3inv-button-6-content:hover span.inv-button-6-text, #inv-button-69f5b5a0f34f3 .inv-button-7-content:hover::before, #inv-button-69f5b5a0f34f3 .inv-button-7-content:hover::before {background-color: #e64933;}#inv-button-69f5b5a0f34f3 .inv-button-content:hover,  #inv-button-69f5b5a0f34f3inv-button-6-content:hover span.inv-button-6-text,  #inv-button-69f5b5a0f34f3inv-button-6-content:hover::before {border-color: #e64933;}<\/style>\")\r\n\t\t\t\t\t})(jQuery);\r\n\t\t\t\t\t\t<\/script>[vc_empty_space height=&#8221;40px&#8221;]<div id=\"ins-heading-69f5b5a0f3522\" class=\"inv-section-heading-wrapper text-left position-relative  \"><div class=\"inv-section-heading-title padding-15px-bottom\"><h3 style=\"color: #2a4a73\"  class=\"ins-section-heading-title-inner no-margin text-uppercase font-weight-300\">Sprog<\/h3><\/div><\/div>[vc_column_text]<\/p>\n<p style=\"color: #2a4a73; text-align: left;\">Nordiske: Dansk, svensk, norsk (bokm\u00e5l eller nynorsk), finsk, islandsk, oldislandsk, mindretalssprog i Sverige (finsk, jiddisch, romansk, nordsamisk\/sydsamisk, tornedalsfinsk)<\/p>\n<p style=\"color: #2a4a73; text-align: left;\">Europ\u00e6iske: Engelsk, tysk, fransk, italiensk, spansk, hollandsk, lettisk, litauisk, polsk, russisk, estisk, schweizertysk<\/p>\n<p>[\/vc_column_text][\/vc_column_inner][vc_column_inner width=&#8221;1\/2&#8243;][vc_single_image image=&#8221;13026&#8243; img_size=&#8221;full&#8221; css=&#8221;.vc_custom_1530626374289{padding-right: 60px !important;padding-left: 60px !important;}&#8221;][\/vc_column_inner][\/vc_row_inner][vc_empty_space height=&#8221;80px&#8221;][\/vc_column][\/vc_row][vc_row full_width=&#8221;stretch_row&#8221; css=&#8221;.vc_custom_1528818946205{background-color: #2a4a73 !important;background-position: center !important;background-repeat: no-repeat !important;background-size: cover !important;}&#8221;][vc_column][vc_empty_space height=&#8221;40px&#8221;][vc_row_inner][vc_column_inner width=&#8221;1\/4&#8243;][\/vc_column_inner][vc_column_inner width=&#8221;1\/2&#8243;]<div id=\"ins-heading-69f5b5a0f3546\" class=\"inv-section-heading-wrapper text-center position-relative  \"><div class=\"inv-section-heading-title padding-15px-bottom\"><h2 style=\"color: #f5f5f5\"  class=\"ins-section-heading-title-inner no-margin text-uppercase font-weight-300\">Specialer omfatter:<\/h2><\/div><\/div>[vc_empty_space height=&#8221;40px&#8221;][\/vc_column_inner][vc_column_inner width=&#8221;1\/4&#8243;][\/vc_column_inner][\/vc_row_inner][vc_row_inner][vc_column_inner width=&#8221;1\/3&#8243;]<div id='ins-icon-69f5b5a0f3590' class='ins-icon-wrapper margin-20px-bottom   text-center  '><div class='ins-icon-box-icon margin-20px-bottom ins-top-icon-basic icon-extra-large'><i class='fa fa-ship'><\/i><\/div><div class='ins-icon-box-content'><div class='ins-icon-box-title title-font margin-10px-bottom sm-margin-5px-bottom text-extra-large font-weight-300 letter-spacing-0.5'>Shipping\/s\u00f8fart<\/div><\/div><\/div><script type=\"text\/javascript\">\r\n\t\t(function(jQuery) {jQuery(\"head\").append(\"<style>#ins-icon-69f5b5a0f3590 .ins-icon-box-icon i, #ins-icon-69f5b5a0f3590 .ins-float-icon-inner i, #ins-icon-69f5b5a0f3590 .ins-float-right-icon-inner i {color: #f5f5f5;}#ins-icon-69f5b5a0f3590 .ins-icon-box-title, #ins-icon-69f5b5a0f3590 .ins-float-icon-box-title {color: #f5f5f5;}#ins-icon-69f5b5a0f3590 .ins-icon-box-text, #ins-icon-69f5b5a0f3590 .ins-float-icon-box-text {color: #f5f5f5;}<\/style>\")\r\n\t\t\t\t\t})(jQuery);\r\n\t\t\t\t\t\t<\/script>[\/vc_column_inner][vc_column_inner width=&#8221;1\/3&#8243;]<div id='ins-icon-69f5b5a0f35cb' class='ins-icon-wrapper margin-20px-bottom   text-center  '><div class='ins-icon-box-icon margin-20px-bottom ins-top-icon-basic icon-extra-large'><i class='fa fa-gavel'><\/i><\/div><div class='ins-icon-box-content'><div class='ins-icon-box-title title-font margin-10px-bottom sm-margin-5px-bottom text-extra-large font-weight-300 letter-spacing-0.5'>Jura<\/div><\/div><\/div><script type=\"text\/javascript\">\r\n\t\t(function(jQuery) {jQuery(\"head\").append(\"<style>#ins-icon-69f5b5a0f35cb .ins-icon-box-icon i, #ins-icon-69f5b5a0f35cb .ins-float-icon-inner i, #ins-icon-69f5b5a0f35cb .ins-float-right-icon-inner i {color: #f5f5f5;}#ins-icon-69f5b5a0f35cb .ins-icon-box-title, #ins-icon-69f5b5a0f35cb .ins-float-icon-box-title {color: #f5f5f5;}#ins-icon-69f5b5a0f35cb .ins-icon-box-text, #ins-icon-69f5b5a0f35cb .ins-float-icon-box-text {color: #f5f5f5;}<\/style>\")\r\n\t\t\t\t\t})(jQuery);\r\n\t\t\t\t\t\t<\/script>[\/vc_column_inner][vc_column_inner width=&#8221;1\/3&#8243;]<div id='ins-icon-69f5b5a0f3605' class='ins-icon-wrapper margin-20px-bottom   text-center  '><div class='ins-icon-box-icon margin-20px-bottom ins-top-icon-basic icon-extra-large'><i class='fa fa-briefcase'><\/i><\/div><div class='ins-icon-box-content'><div class='ins-icon-box-title title-font margin-10px-bottom sm-margin-5px-bottom text-extra-large font-weight-300 letter-spacing-0.5'>Erhverv<\/div><p class='ins-icon-box-text  default'>(\u00c5rsberetninger, nyhedsbreve, fondsb\u00f8rsmeddelelser, pressemeddelelser)<\/p><\/div><\/div><script type=\"text\/javascript\">\r\n\t\t(function(jQuery) {jQuery(\"head\").append(\"<style>#ins-icon-69f5b5a0f3605 .ins-icon-box-icon i, #ins-icon-69f5b5a0f3605 .ins-float-icon-inner i, #ins-icon-69f5b5a0f3605 .ins-float-right-icon-inner i {color: #f5f5f5;}#ins-icon-69f5b5a0f3605 .ins-icon-box-title, #ins-icon-69f5b5a0f3605 .ins-float-icon-box-title {color: #f5f5f5;}#ins-icon-69f5b5a0f3605 .ins-icon-box-text, #ins-icon-69f5b5a0f3605 .ins-float-icon-box-text {color: #f5f5f5;}<\/style>\")\r\n\t\t\t\t\t})(jQuery);\r\n\t\t\t\t\t\t<\/script>[\/vc_column_inner][\/vc_row_inner][vc_empty_space height=&#8221;50px&#8221; el_class=&#8221;hide-mobile&#8221;][vc_row_inner][vc_column_inner width=&#8221;1\/3&#8243;]<div id='ins-icon-69f5b5a0f3637' class='ins-icon-wrapper margin-20px-bottom   text-center  '><div class='ins-icon-box-icon margin-20px-bottom ins-top-icon-basic icon-extra-large'><i class='fa fa-bullhorn'><\/i><\/div><div class='ins-icon-box-content'><div class='ins-icon-box-title title-font margin-10px-bottom sm-margin-5px-bottom text-extra-large font-weight-300 letter-spacing-0.5'>Markedsf\u00f8ring<\/div><\/div><\/div><script type=\"text\/javascript\">\r\n\t\t(function(jQuery) {jQuery(\"head\").append(\"<style>#ins-icon-69f5b5a0f3637 .ins-icon-box-icon i, #ins-icon-69f5b5a0f3637 .ins-float-icon-inner i, #ins-icon-69f5b5a0f3637 .ins-float-right-icon-inner i {color: #f5f5f5;}#ins-icon-69f5b5a0f3637 .ins-icon-box-title, #ins-icon-69f5b5a0f3637 .ins-float-icon-box-title {color: #f5f5f5;}#ins-icon-69f5b5a0f3637 .ins-icon-box-text, #ins-icon-69f5b5a0f3637 .ins-float-icon-box-text {color: #f5f5f5;}<\/style>\")\r\n\t\t\t\t\t})(jQuery);\r\n\t\t\t\t\t\t<\/script>[\/vc_column_inner][vc_column_inner width=&#8221;1\/3&#8243;]<div id='ins-icon-69f5b5a0f3672' class='ins-icon-wrapper margin-20px-bottom   text-center  '><div class='ins-icon-box-icon margin-20px-bottom ins-top-icon-basic icon-extra-large'><i class='fa fa-cogs'><\/i><\/div><div class='ins-icon-box-content'><div class='ins-icon-box-title title-font margin-10px-bottom sm-margin-5px-bottom text-extra-large font-weight-300 letter-spacing-0.5'>Tekniske manualer og brugervejledninger<\/div><\/div><\/div><script type=\"text\/javascript\">\r\n\t\t(function(jQuery) {jQuery(\"head\").append(\"<style>#ins-icon-69f5b5a0f3672 .ins-icon-box-icon i, #ins-icon-69f5b5a0f3672 .ins-float-icon-inner i, #ins-icon-69f5b5a0f3672 .ins-float-right-icon-inner i {color: #f5f5f5;}#ins-icon-69f5b5a0f3672 .ins-icon-box-title, #ins-icon-69f5b5a0f3672 .ins-float-icon-box-title {color: #f5f5f5;}#ins-icon-69f5b5a0f3672 .ins-icon-box-text, #ins-icon-69f5b5a0f3672 .ins-float-icon-box-text {color: #f5f5f5;}<\/style>\")\r\n\t\t\t\t\t})(jQuery);\r\n\t\t\t\t\t\t<\/script>[\/vc_column_inner][vc_column_inner width=&#8221;1\/3&#8243;]<div id='ins-icon-69f5b5a0f369f' class='ins-icon-wrapper margin-20px-bottom   text-center  '><div class='ins-icon-box-icon margin-20px-bottom ins-top-icon-basic icon-extra-large'><i class='fa fa-money'><\/i><\/div><div class='ins-icon-box-content'><div class='ins-icon-box-title title-font margin-10px-bottom sm-margin-5px-bottom text-extra-large font-weight-300 letter-spacing-0.5'>Finans, herunder hedge-fonde<\/div><\/div><\/div><script type=\"text\/javascript\">\r\n\t\t(function(jQuery) {jQuery(\"head\").append(\"<style>#ins-icon-69f5b5a0f369f .ins-icon-box-icon i, #ins-icon-69f5b5a0f369f .ins-float-icon-inner i, #ins-icon-69f5b5a0f369f .ins-float-right-icon-inner i {color: #f5f5f5;}#ins-icon-69f5b5a0f369f .ins-icon-box-title, #ins-icon-69f5b5a0f369f .ins-float-icon-box-title {color: #f5f5f5;}#ins-icon-69f5b5a0f369f .ins-icon-box-text, #ins-icon-69f5b5a0f369f .ins-float-icon-box-text {color: #f5f5f5;}<\/style>\")\r\n\t\t\t\t\t})(jQuery);\r\n\t\t\t\t\t\t<\/script>[\/vc_column_inner][\/vc_row_inner][vc_empty_space height=&#8221;80px&#8221;][\/vc_column][\/vc_row][vc_row full_width=&#8221;stretch_row&#8221; css=&#8221;.vc_custom_1528817898432{background-color: #ffffff !important;background-position: center !important;background-repeat: no-repeat !important;background-size: cover !important;}&#8221;][vc_column][vc_empty_space height=&#8221;40px&#8221;][vc_row_inner equal_height=&#8221;yes&#8221; content_placement=&#8221;middle&#8221;][vc_column_inner width=&#8221;1\/2&#8243;]<div id=\"ins-heading-69f5b5a0f36c2\" class=\"inv-section-heading-wrapper text-left position-relative  \"><div class=\"inv-section-heading-title padding-15px-bottom\"><h2 style=\"color: #2a4a73\"  class=\"ins-section-heading-title-inner no-margin text-uppercase font-weight-300\">Shipping-\/s\u00f8fartsovers\u00e6ttelser<\/h2><\/div><\/div>[vc_column_text]<\/p>\n<p style=\"color: #2a4a73; text-align: left;\">Vores overs\u00e6ttelsesbureau i Storbritannien har lavet f\u00f8rsteklasses skandinaviske overs\u00e6ttelser til shipping- og s\u00f8fartsindustrien i over 25 \u00e5r. Denne sektor er nu et af vores vigtigste specialer, og vi har et st\u00e6rkt team, som st\u00e5r klar til at h\u00e5ndtere dit projekt fra start til slut, fra overenskomstaftaler til dokumentation til skibsregistre. Gennem \u00e5rene har vi samarbejdet med DFDS og Nautilus International for blandt andet at etablere og styrke deres positioner i branchen, og vi har b\u00e5de matchet projekter med en enkelt freelance-overs\u00e6tter og etableret specialteams med kapacitet til at reagere og levere hurtigt.<\/p>\n<p>[\/vc_column_text]<div id='inv-button-69f5b5a0f36ed' class='inv-button-wrapper inv-button-1-wrapper text-left inv-button-medium '><div class='inv-button-inner inv-button-1-inner'><a class='inv-button-content inv-button-1-content' href='https:\/\/nordicinternational.co.uk\/da\/cases' target=''>Find ud af, hvorfor de er s\u00e5 glade for at samarbejde med os. <\/a><\/div><\/div><script type=\"text\/javascript\">\r\n\t\t(function(jQuery) {jQuery(\"head\").append(\"<style>#inv-button-69f5b5a0f36ed .inv-button-content, #inv-button-69f5b5a0f36ed .inv-button-4-icon, #inv-button-69f5b5a0f36ed span.inv-button-6-text {color: #2a4a73;}#inv-button-69f5b5a0f36ed .inv-button-content, #inv-button-69f5b5a0f36ed span.inv-button-6-text, #inv-button-69f5b5a0f36ed .inv-button-6-content:before {border-color: #e64933;}#inv-button-69f5b5a0f36ed .inv-button-content, #inv-button-69f5b5a0f36ed span.inv-button-6-text, #inv-button-69f5b5a0f36ed .inv-button-6-content:before {border-width: 2px;}#inv-button-69f5b5a0f36ed .inv-button-content {border-radius: 21px;}#inv-button-69f5b5a0f36ed .inv-button-content:hover, #inv-button-69f5b5a0f36ed.inv-button-4-inner:hover .inv-button-4-icon, #inv-button-69f5b5a0f36ed.inv-button-5-content:hover .inv-button-5-text,  #inv-button-69f5b5a0f36ed .inv-button-6-content:hover span.inv-button-6-text, #inv-button-69f5b5a0f36ed.inv-button-4-content:hover .inv-button-4-icon {color: #ffffff;}#inv-button-69f5b5a0f36ed .inv-button-content:hover, #inv-button-69f5b5a0f36ed .inv-button-5-content:hover::after, #inv-button-69f5b5a0f36edinv-button-6-content:hover span.inv-button-6-text, #inv-button-69f5b5a0f36ed .inv-button-7-content:hover::before, #inv-button-69f5b5a0f36ed .inv-button-7-content:hover::before {background-color: #e64933;}#inv-button-69f5b5a0f36ed .inv-button-content:hover,  #inv-button-69f5b5a0f36edinv-button-6-content:hover span.inv-button-6-text,  #inv-button-69f5b5a0f36edinv-button-6-content:hover::before {border-color: #e64933;}<\/style>\")\r\n\t\t\t\t\t})(jQuery);\r\n\t\t\t\t\t\t<\/script>[\/vc_column_inner][vc_column_inner width=&#8221;1\/2&#8243;][vc_single_image image=&#8221;12819&#8243; img_size=&#8221;full&#8221; css=&#8221;.vc_custom_1528820553030{padding-right: 60px !important;padding-left: 60px !important;}&#8221;][\/vc_column_inner][\/vc_row_inner][vc_empty_space height=&#8221;80px&#8221;][\/vc_column][\/vc_row][vc_row full_width=&#8221;stretch_row&#8221; css=&#8221;.vc_custom_1528816443312{background-color: #2a4a73 !important;background-position: center !important;background-repeat: no-repeat !important;background-size: cover !important;}&#8221;][vc_column][vc_empty_space height=&#8221;60px&#8221;][vc_row_inner][vc_column_inner width=&#8221;1\/4&#8243;][\/vc_column_inner][vc_column_inner width=&#8221;1\/2&#8243;]<div id=\"ins-heading-69f5b5a0f3721\" class=\"inv-section-heading-wrapper text-center position-relative  \"><div class=\"inv-section-heading-title padding-15px-bottom\"><h2 style=\"color: #f5f5f5\"  class=\"ins-section-heading-title-inner no-margin text-uppercase font-weight-300\">Vi overs\u00e6tter:<\/h2><\/div><\/div>[vc_empty_space height=&#8221;40px&#8221;][\/vc_column_inner][vc_column_inner width=&#8221;1\/4&#8243;][\/vc_column_inner][\/vc_row_inner][vc_row_inner equal_height=&#8221;yes&#8221; content_placement=&#8221;middle&#8221; gap=&#8221;20&#8243;][vc_column_inner width=&#8221;1\/3&#8243;]<div id='ins-list-icon-69f5b5a0f3761' class='ins-simple-icon-list margin-35px-bottom ins-icon-list-simple list-icon-medium list-icon-border  '><ul class='ins-simple-icon-list-inner list-style-none no-padding'><li class='ins-list-style margin-10px-bottom position-relative'><i class='ins-icon-list-icon margin-10px-right display-inline-block position-absolute left-0 fa fa-check'><\/i> Artikler<br \/><\/li><li class='ins-list-style margin-10px-bottom position-relative'><i class='ins-icon-list-icon margin-10px-right display-inline-block position-absolute left-0 fa fa-check'><\/i> Artikelsammendrag<br \/><\/li><li class='ins-list-style margin-10px-bottom position-relative'><i class='ins-icon-list-icon margin-10px-right display-inline-block position-absolute left-0 fa fa-check'><\/i> Overenskomstaftaler<br \/><\/li><li class='ins-list-style margin-10px-bottom position-relative'><i class='ins-icon-list-icon margin-10px-right display-inline-block position-absolute left-0 fa fa-check'><\/i> Pressemeddelelser<\/li><\/ul><\/div><script type=\"text\/javascript\">\r\n\t\t(function(jQuery) {jQuery(\"head\").append(\"<style>#ins-list-icon-69f5b5a0f3761 .ins-list-style .ins-icon-list-icon{color: #ffffff;}#ins-list-icon-69f5b5a0f3761 .ins-list-style{color: #ffffff;}<\/style>\")\r\n\t\t\t\t\t})(jQuery);\r\n\t\t\t\t\t\t<\/script>[\/vc_column_inner][vc_column_inner width=&#8221;1\/3&#8243;]<div id='ins-list-icon-69f5b5a0f3788' class='ins-simple-icon-list margin-35px-bottom ins-icon-list-simple list-icon-medium list-icon-border  '><ul class='ins-simple-icon-list-inner list-style-none no-padding'><li class='ins-list-style margin-10px-bottom position-relative'><i class='ins-icon-list-icon margin-10px-right display-inline-block position-absolute left-0 fa fa-check'><\/i> Kontrakter<br \/><\/li><li class='ins-list-style margin-10px-bottom position-relative'><i class='ins-icon-list-icon margin-10px-right display-inline-block position-absolute left-0 fa fa-check'><\/i> Rapporter<br \/><\/li><li class='ins-list-style margin-10px-bottom position-relative'><i class='ins-icon-list-icon margin-10px-right display-inline-block position-absolute left-0 fa fa-check'><\/i> Nyhedsbreve<br \/><\/li><li class='ins-list-style margin-10px-bottom position-relative'><i class='ins-icon-list-icon margin-10px-right display-inline-block position-absolute left-0 fa fa-check'><\/i> Manualer<\/li><\/ul><\/div><script type=\"text\/javascript\">\r\n\t\t(function(jQuery) {jQuery(\"head\").append(\"<style>#ins-list-icon-69f5b5a0f3788 .ins-list-style .ins-icon-list-icon{color: #ffffff;}#ins-list-icon-69f5b5a0f3788 .ins-list-style{color: #ffffff;}<\/style>\")\r\n\t\t\t\t\t})(jQuery);\r\n\t\t\t\t\t\t<\/script>[\/vc_column_inner][vc_column_inner width=&#8221;1\/3&#8243;]<div id='ins-list-icon-69f5b5a0f37ac' class='ins-simple-icon-list margin-35px-bottom ins-icon-list-simple list-icon-medium list-icon-border  '><ul class='ins-simple-icon-list-inner list-style-none no-padding'><li class='ins-list-style margin-10px-bottom position-relative'><i class='ins-icon-list-icon margin-10px-right display-inline-block position-absolute left-0 fa fa-check'><\/i> Brugervejledninger<br \/><\/li><li class='ins-list-style margin-10px-bottom position-relative'><i class='ins-icon-list-icon margin-10px-right display-inline-block position-absolute left-0 fa fa-check'><\/i> Dokumentation til skibsregistre<br \/><\/li><li class='ins-list-style margin-10px-bottom position-relative'><i class='ins-icon-list-icon margin-10px-right display-inline-block position-absolute left-0 fa fa-check'><\/i> Fagforeningsdokumenter<br \/><\/li><li class='ins-list-style margin-10px-bottom position-relative'><i class='ins-icon-list-icon margin-10px-right display-inline-block position-absolute left-0 fa fa-check'><\/i> Forretningskommunikation<\/li><\/ul><\/div><script type=\"text\/javascript\">\r\n\t\t(function(jQuery) {jQuery(\"head\").append(\"<style>#ins-list-icon-69f5b5a0f37ac .ins-list-style .ins-icon-list-icon{color: #ffffff;}#ins-list-icon-69f5b5a0f37ac .ins-list-style{color: #ffffff;}<\/style>\")\r\n\t\t\t\t\t})(jQuery);\r\n\t\t\t\t\t\t<\/script>[\/vc_column_inner][\/vc_row_inner][vc_empty_space height=&#8221;80px&#8221;][\/vc_column][\/vc_row][vc_row full_width=&#8221;stretch_row&#8221; css=&#8221;.vc_custom_1532335495127{background-image: url(https:\/\/nordicinternational.co.uk\/wordpress\/wp-content\/uploads\/2018\/07\/nick-karvounis-477113-unsplash-1-1.jpg?id=13075) !important;background-position: center !important;background-repeat: no-repeat !important;background-size: cover !important;}&#8221;][vc_column][vc_empty_space height=&#8221;60px&#8221;]<div id=\"ins-heading-69f5b5a0f37cb\" class=\"inv-section-heading-wrapper text-center position-relative  \"><div class=\"inv-section-heading-title padding-15px-bottom\"><h2 style=\"color: #ffffff\"  class=\"ins-section-heading-title-inner no-margin text-uppercase font-weight-300\">Pakker<\/h2><\/div><\/div>[vc_empty_space height=&#8221;40px&#8221;][vc_row_inner equal_height=&#8221;yes&#8221; content_placement=&#8221;top&#8221; gap=&#8221;30&#8243;][vc_column_inner width=&#8221;1\/2&#8243; css=&#8221;.vc_custom_1532335561564{padding-top: 30px !important;padding-right: 30px !important;padding-bottom: 30px !important;padding-left: 30px !important;background-color: #2cb1df !important;}&#8221;]<div id=\"ins-heading-69f5b5a0f37eb\" class=\"inv-section-heading-wrapper text-left position-relative  \"><div class=\"inv-section-heading-title padding-15px-bottom\"><h3 style=\"color: #ffffff\"  class=\"ins-section-heading-title-inner no-margin text-uppercase font-weight-300\">Overs\u00e6ttelse<\/h3><\/div><\/div>[vc_column_text]<\/p>\n<p style=\"color: #fff;\">Vores overs\u00e6ttelsespakke giver dig en kvalitetsservice fra en specialiseret freelance-overs\u00e6tter, en omhyggelig gennemgang af en anden sprogkyndig samt avanceret teknologi for maksimal ensartethed p\u00e5 tv\u00e6rs af dokumenterne. Vi specialiserer os i jura-, erhvervs- og shippingovers\u00e6ttelser til de nordiske lande, og har mere end 25 \u00e5rs erfaring.<\/p>\n<p>[\/vc_column_text][\/vc_column_inner][vc_column_inner width=&#8221;1\/2&#8243; css=&#8221;.vc_custom_1532335581840{padding-top: 30px !important;padding-right: 30px !important;padding-bottom: 30px !important;padding-left: 30px !important;background-color: #2cb1df !important;}&#8221;]<div id=\"ins-heading-69f5b5a0f3805\" class=\"inv-section-heading-wrapper text-left position-relative  \"><div class=\"inv-section-heading-title padding-15px-bottom\"><h3 style=\"color: #ffffff\"  class=\"ins-section-heading-title-inner no-margin text-uppercase font-weight-300\">Hasteovers\u00e6ttelse<\/h3><\/div><\/div>[vc_column_text]<\/p>\n<p style=\"color: #fff;\">Haster det? Hvis du bestiller en hasteovers\u00e6ttelse, giver vi straks din anmodning h\u00f8jeste prioritet og finder en kvalificeret freelance-overs\u00e6tter med den relevante erfaring, s\u00e5 du hurtigst muligt kan f\u00e5 dine dokumenter oversat og korrekturl\u00e6st.<\/p>\n<p>[\/vc_column_text][\/vc_column_inner][\/vc_row_inner][vc_empty_space height=&#8221;80px&#8221;][\/vc_column][\/vc_row]<\/p>\n","protected":false},"excerpt":{"rendered":"<p>[vc_row full_width=&#8221;stretch_row&#8221; css=&#8221;.vc_custom_1528817898432{background-color: #ffffff !important;background-position: center !important;background-repeat: no-repeat !important;background-size: cover !important;}&#8221;][vc_column][vc_empty_space height=&#8221;40px&#8221;][vc_row_inner equal_height=&#8221;yes&#8221; content_placement=&#8221;middle&#8221;][vc_column_inner width=&#8221;1\/2&#8243;][vc_column_text] Vores overs\u00e6ttelsesbureau i Storbritannien har over 25 \u00e5rs erfaring og en gruppe af ekspertovers\u00e6ttere med indg\u00e5ende kendskab til din branche. Vi matcher hvert projekt med en kvalificeret freelance-overs\u00e6tter med indg\u00e5ende kendskab til dit felt, hvilket sparer tid og penge og [&hellip;]<\/p>\n","protected":false},"author":3,"featured_media":0,"parent":0,"menu_order":0,"comment_status":"closed","ping_status":"closed","template":"","meta":[],"_links":{"self":[{"href":"https:\/\/nordicinternational.co.uk\/da\/wp-json\/wp\/v2\/pages\/13231"}],"collection":[{"href":"https:\/\/nordicinternational.co.uk\/da\/wp-json\/wp\/v2\/pages"}],"about":[{"href":"https:\/\/nordicinternational.co.uk\/da\/wp-json\/wp\/v2\/types\/page"}],"author":[{"embeddable":true,"href":"https:\/\/nordicinternational.co.uk\/da\/wp-json\/wp\/v2\/users\/3"}],"replies":[{"embeddable":true,"href":"https:\/\/nordicinternational.co.uk\/da\/wp-json\/wp\/v2\/comments?post=13231"}],"version-history":[{"count":0,"href":"https:\/\/nordicinternational.co.uk\/da\/wp-json\/wp\/v2\/pages\/13231\/revisions"}],"wp:attachment":[{"href":"https:\/\/nordicinternational.co.uk\/da\/wp-json\/wp\/v2\/media?parent=13231"}],"curies":[{"name":"wp","href":"https:\/\/api.w.org\/{rel}","templated":true}]}}