{"id":13233,"date":"2018-06-12T21:40:22","date_gmt":"2018-06-12T21:40:22","guid":{"rendered":"https:\/\/nordicinternational.co.uk\/business-intelligence\/"},"modified":"2018-10-15T09:28:15","modified_gmt":"2018-10-15T09:28:15","slug":"business-intelligence","status":"publish","type":"page","link":"https:\/\/nordicinternational.co.uk\/da\/business-intelligence\/","title":{"rendered":"Business intelligence"},"content":{"rendered":"<p>[vc_row full_width=&#8221;stretch_row&#8221; css=&#8221;.vc_custom_1528837171971{background-color: #ffffff !important;background-position: center !important;background-repeat: no-repeat !important;background-size: cover !important;}&#8221;][vc_column]<div id=\"ins-heading-69f715711c56c\" class=\"inv-section-heading-wrapper text-center position-relative  \"><div class=\"inv-section-heading-title padding-15px-bottom\"><h2 style=\"color: #2a4a73\"  class=\"ins-section-heading-title-inner no-margin text-uppercase font-weight-300\">Erhvervsovers\u00e6ttelsesbureau med et omfattende netv\u00e6rk af overs\u00e6ttere og journalister, der leverer vigtig indsigt i shippingindustrien.<\/h2><\/div><\/div><script type=\"text\/javascript\">\r\n\t\t(function(jQuery) {jQuery(\"head\").append(\"<style>#ins-heading-69f715711c56c .ins-section-heading-title-inner {font-size: 25px; line-height:35px;}<\/style>\")\r\n\t\t\t\t\t})(jQuery);\r\n\t\t\t\t\t\t<\/script>[vc_empty_space height=&#8221;40px&#8221;][vc_row_inner equal_height=&#8221;yes&#8221; content_placement=&#8221;middle&#8221;][vc_column_inner width=&#8221;1\/2&#8243;][vc_column_text]<\/p>\n<p style=\"color: #2a4a73; text-align: left;\">Har du brug for at vide, hvad der sker p\u00e5 dit m\u00e5lmarked?<\/p>\n<p style=\"color: #2a4a73; text-align: left;\">De erfarne journalister i vores erhvervsovers\u00e6ttelsesbureau har hjemsted i de markeder, du gerne vil unders\u00f8ge, og kan give dig den seneste business intelligence fra Danmark, Norge, Sverige, Finland og Island. Vi kan hj\u00e6lpe, uanset om du har brug for en dansk journalist til at unders\u00f8ge markedet f\u00f8r du udvider, om nye planer kr\u00e6ver due diligence-rapporter, eller om du \u00e6ndrer sprog i dit forsyningsnetv\u00e6rk fra engelsk til norsk.<\/p>\n<p>[\/vc_column_text]<div id='inv-button-69f715711c5cd' class='inv-button-wrapper inv-button-1-wrapper text-left inv-button-medium '><div class='inv-button-inner inv-button-1-inner'><a class='inv-button-content inv-button-1-content' href='https:\/\/nordicinternational.co.uk\/da\/kontakt-os\/' target=''>Kontakt os<\/a><\/div><\/div><script type=\"text\/javascript\">\r\n\t\t(function(jQuery) {jQuery(\"head\").append(\"<style>#inv-button-69f715711c5cd .inv-button-content, #inv-button-69f715711c5cd .inv-button-4-icon, #inv-button-69f715711c5cd span.inv-button-6-text {color: #2a4a73;}#inv-button-69f715711c5cd .inv-button-content, #inv-button-69f715711c5cd span.inv-button-6-text, #inv-button-69f715711c5cd .inv-button-6-content:before {border-color: #e64933;}#inv-button-69f715711c5cd .inv-button-content, #inv-button-69f715711c5cd span.inv-button-6-text, #inv-button-69f715711c5cd .inv-button-6-content:before {border-width: 2px;}#inv-button-69f715711c5cd .inv-button-content {border-radius: 21px;}#inv-button-69f715711c5cd .inv-button-content:hover, #inv-button-69f715711c5cd.inv-button-4-inner:hover .inv-button-4-icon, #inv-button-69f715711c5cd.inv-button-5-content:hover .inv-button-5-text,  #inv-button-69f715711c5cd .inv-button-6-content:hover span.inv-button-6-text, #inv-button-69f715711c5cd.inv-button-4-content:hover .inv-button-4-icon {color: #ffffff;}#inv-button-69f715711c5cd .inv-button-content:hover, #inv-button-69f715711c5cd .inv-button-5-content:hover::after, #inv-button-69f715711c5cdinv-button-6-content:hover span.inv-button-6-text, #inv-button-69f715711c5cd .inv-button-7-content:hover::before, #inv-button-69f715711c5cd .inv-button-7-content:hover::before {background-color: #e64933;}#inv-button-69f715711c5cd .inv-button-content:hover,  #inv-button-69f715711c5cdinv-button-6-content:hover span.inv-button-6-text,  #inv-button-69f715711c5cdinv-button-6-content:hover::before {border-color: #e64933;}<\/style>\")\r\n\t\t\t\t\t})(jQuery);\r\n\t\t\t\t\t\t<\/script>[\/vc_column_inner][vc_column_inner width=&#8221;1\/2&#8243;][vc_single_image image=&#8221;13028&#8243; img_size=&#8221;full&#8221; alignment=&#8221;center&#8221;][\/vc_column_inner][\/vc_row_inner][vc_empty_space height=&#8221;80px&#8221;][\/vc_column][\/vc_row][vc_row full_width=&#8221;stretch_row_content&#8221; el_class=&#8221;background-fix&#8221;][vc_column][vc_empty_space height=&#8221;60px&#8221;][vc_row_inner equal_height=&#8221;yes&#8221; content_placement=&#8221;top&#8221;][vc_column_inner el_class=&#8221;margin-120&#8243; width=&#8221;1\/2&#8243;]<div id=\"ins-heading-69f715711c603\" class=\"inv-section-heading-wrapper text-left position-relative  \"><div class=\"inv-section-heading-title padding-15px-bottom\"><h3 style=\"color: #ffffff\"  class=\"ins-section-heading-title-inner no-margin text-uppercase font-weight-300\">Samarbejd med os for at f\u00e5:<\/h3><\/div><\/div><div id='ins-list-icon-69f715711c657' class='ins-simple-icon-list margin-35px-bottom ins-icon-list-simple list-icon-medium list-icon-border  '><ul class='ins-simple-icon-list-inner list-style-none no-padding'><li class='ins-list-style margin-10px-bottom position-relative'><i class='ins-icon-list-icon margin-10px-right display-inline-block position-absolute left-0 fa fa-check'><\/i> Specialrapporter med de seneste data, herunder oplysninger, som kun kan fremskaffes gennem personlige kontakter eller journalistisk henvendelse<br \/><\/li><li class='ins-list-style margin-10px-bottom position-relative'><i class='ins-icon-list-icon margin-10px-right display-inline-block position-absolute left-0 fa fa-check'><\/i> Indhold, der er skr\u00e6ddersyet til netop dine behov<br \/><\/li><li class='ins-list-style margin-10px-bottom position-relative'><i class='ins-icon-list-icon margin-10px-right display-inline-block position-absolute left-0 fa fa-check'><\/i> Indsamlet og opsummeret information \u2013 vi interviewer de vigtigste akt\u00f8rer for at f\u00e5 de nyeste data<\/li><\/ul><\/div><script type=\"text\/javascript\">\r\n\t\t(function(jQuery) {jQuery(\"head\").append(\"<style>#ins-list-icon-69f715711c657 .ins-list-style .ins-icon-list-icon{color: #ffffff;}#ins-list-icon-69f715711c657 .ins-list-style{color: #ffffff;}<\/style>\")\r\n\t\t\t\t\t})(jQuery);\r\n\t\t\t\t\t\t<\/script>[\/vc_column_inner][vc_column_inner el_class=&#8221;margin-120&#8243; width=&#8221;1\/2&#8243;]<div id=\"ins-heading-69f715711c681\" class=\"inv-section-heading-wrapper text-left position-relative  \"><div class=\"inv-section-heading-title padding-15px-bottom\"><h3 style=\"color: #ffffff\"  class=\"ins-section-heading-title-inner no-margin text-uppercase font-weight-300\">Vores erfaring omfatter:<\/h3><\/div><\/div><div id='ins-list-icon-69f715711c6a8' class='ins-simple-icon-list margin-35px-bottom ins-icon-list-simple list-icon-medium list-icon-border  '><ul class='ins-simple-icon-list-inner list-style-none no-padding'><li class='ins-list-style margin-10px-bottom position-relative'><i class='ins-icon-list-icon margin-10px-right display-inline-block position-absolute left-0 fa fa-check'><\/i> Gennemf\u00f8relse af diskrete baggrundstjek af virksomheder og enkeltpersoner som del af due diligence-rapporter<br \/><\/li><li class='ins-list-style margin-10px-bottom position-relative'><i class='ins-icon-list-icon margin-10px-right display-inline-block position-absolute left-0 fa fa-check'><\/i> Udarbejdelse af rapporter om st\u00e5lforbrug i de nordiske lande til en st\u00f8rre st\u00e5lproducent<br \/><\/li><li class='ins-list-style margin-10px-bottom position-relative'><i class='ins-icon-list-icon margin-10px-right display-inline-block position-absolute left-0 fa fa-check'><\/i> Unders\u00f8gelse af detailmarkedet for bestik i Sverige for en producent af bestik<br \/><\/li><li class='ins-list-style margin-10px-bottom position-relative'><i class='ins-icon-list-icon margin-10px-right display-inline-block position-absolute left-0 fa fa-check'><\/i> Udarbejdelse af omfattende rapporter om dansk, norsk og svensk shipping for en norsk udgiver<br \/><\/li><li class='ins-list-style margin-10px-bottom position-relative'><i class='ins-icon-list-icon margin-10px-right display-inline-block position-absolute left-0 fa fa-check'><\/i> Unders\u00f8gelse af afg\u00f8rende personers kvalifikationer og ry for en virksomhed, der udf\u00f8rte due diligence<\/li><\/ul><\/div><script type=\"text\/javascript\">\r\n\t\t(function(jQuery) {jQuery(\"head\").append(\"<style>#ins-list-icon-69f715711c6a8 .ins-list-style .ins-icon-list-icon{color: #ffffff;}#ins-list-icon-69f715711c6a8 .ins-list-style{color: #ffffff;}<\/style>\")\r\n\t\t\t\t\t})(jQuery);\r\n\t\t\t\t\t\t<\/script>[\/vc_column_inner][\/vc_row_inner][vc_empty_space height=&#8221;80px&#8221;][\/vc_column][\/vc_row]<\/p>\n","protected":false},"excerpt":{"rendered":"<p>[vc_row full_width=&#8221;stretch_row&#8221; css=&#8221;.vc_custom_1528837171971{background-color: #ffffff !important;background-position: center !important;background-repeat: no-repeat !important;background-size: cover !important;}&#8221;][vc_column][vc_empty_space height=&#8221;40px&#8221;][vc_row_inner equal_height=&#8221;yes&#8221; content_placement=&#8221;middle&#8221;][vc_column_inner width=&#8221;1\/2&#8243;][vc_column_text] Har du brug for at vide, hvad der sker p\u00e5 dit m\u00e5lmarked? De erfarne journalister i vores erhvervsovers\u00e6ttelsesbureau har hjemsted i de markeder, du gerne vil unders\u00f8ge, og kan give dig den seneste business intelligence fra Danmark, Norge, Sverige, Finland [&hellip;]<\/p>\n","protected":false},"author":3,"featured_media":0,"parent":0,"menu_order":0,"comment_status":"closed","ping_status":"closed","template":"","meta":[],"_links":{"self":[{"href":"https:\/\/nordicinternational.co.uk\/da\/wp-json\/wp\/v2\/pages\/13233"}],"collection":[{"href":"https:\/\/nordicinternational.co.uk\/da\/wp-json\/wp\/v2\/pages"}],"about":[{"href":"https:\/\/nordicinternational.co.uk\/da\/wp-json\/wp\/v2\/types\/page"}],"author":[{"embeddable":true,"href":"https:\/\/nordicinternational.co.uk\/da\/wp-json\/wp\/v2\/users\/3"}],"replies":[{"embeddable":true,"href":"https:\/\/nordicinternational.co.uk\/da\/wp-json\/wp\/v2\/comments?post=13233"}],"version-history":[{"count":0,"href":"https:\/\/nordicinternational.co.uk\/da\/wp-json\/wp\/v2\/pages\/13233\/revisions"}],"wp:attachment":[{"href":"https:\/\/nordicinternational.co.uk\/da\/wp-json\/wp\/v2\/media?parent=13233"}],"curies":[{"name":"wp","href":"https:\/\/api.w.org\/{rel}","templated":true}]}}