{"id":13235,"date":"2018-06-12T20:09:22","date_gmt":"2018-06-12T20:09:22","guid":{"rendered":"https:\/\/nordicinternational.co.uk\/journalism-services\/"},"modified":"2018-10-16T09:16:37","modified_gmt":"2018-10-16T09:16:37","slug":"journalistik","status":"publish","type":"page","link":"https:\/\/nordicinternational.co.uk\/da\/journalistik\/","title":{"rendered":"Journalistik"},"content":{"rendered":"<p>[vc_row full_width=&#8221;stretch_row&#8221; css=&#8221;.vc_custom_1528837171971{background-color: #ffffff !important;background-position: center !important;background-repeat: no-repeat !important;background-size: cover !important;}&#8221;][vc_column]<div id=\"ins-heading-69f5476b1b4ba\" class=\"inv-section-heading-wrapper text-center position-relative  \"><div class=\"inv-section-heading-title padding-15px-bottom\"><h2 style=\"color: #2a4a73\"  class=\"ins-section-heading-title-inner no-margin text-uppercase font-weight-300\">Lige fra en enkelt freelance-journalist til store teams til langsigtede erhvervsjournalistiske projekter vil vi s\u00f8rge for, at alle \u00f8jne er rettet mod dig<\/h2><\/div><\/div>[vc_empty_space height=&#8221;40px&#8221;][vc_row_inner equal_height=&#8221;yes&#8221; content_placement=&#8221;middle&#8221;][vc_column_inner width=&#8221;1\/2&#8243;][vc_column_text]<\/p>\n<p style=\"color: #2a4a73; text-align: left;\">Vores journalister har mange \u00e5rs erfaring, der sp\u00e6nder fra interviews med fremtr\u00e6dende personer som f.eks. statsministre, pr\u00e6sidenter og topledere, til at d\u00e6kke FN-, EU- og NATO-topm\u00f8der.<\/p>\n<p style=\"color: #2a4a73; text-align: left;\">Ledende internationale nyhedsbureauer, nationale tv-stationer og trykte medier g\u00f8r brug af vores netv\u00e6rk af erfarne lokale journalister og deres mange specialer og sprog, lige fra finansjournalistik til en engageret dansk eller svensk journalist, som kan d\u00e6kke dine specifikke behov.<\/p>\n<p style=\"color: #2a4a73; text-align: left;\">I shipping-sektoren alene har vi skrevet for the Telegraph, det Internationale Transportarbejderforbund (ITF), Lloyds List, Seatrade, Bimco Bulletin, S\u00f8fartens Ledere, CO-S\u00f8fart og Job2Sea.<br \/>\nVores omfattende erhvervsjournalistiske produktion har ogs\u00e5 omfattet store nyhedsorganisationer, herunder Financial Times, Guardian, Independent, Daily Mail og Nikkei Business Publications.<\/p>\n<p style=\"color: #2a4a73; text-align: left;\">Leder du efter en freelance-journalist med brancheindsigt og indg\u00e5ende ekspertise? Samarbejd med os om din erhvervs- og finansjournalistik, og g\u00f8r din virksomhed synlig.<\/p>\n<p>[\/vc_column_text]<div id='inv-button-69f5476b1b505' class='inv-button-wrapper inv-button-1-wrapper text-left inv-button-medium '><div class='inv-button-inner inv-button-1-inner'><a class='inv-button-content inv-button-1-content' href='https:\/\/nordicinternational.co.uk\/da\/kontakt-os\/' target=''>F\u00e5 et tilbud<\/a><\/div><\/div><script type=\"text\/javascript\">\r\n\t\t(function(jQuery) {jQuery(\"head\").append(\"<style>#inv-button-69f5476b1b505 .inv-button-content, #inv-button-69f5476b1b505 .inv-button-4-icon, #inv-button-69f5476b1b505 span.inv-button-6-text {color: #2a4a73;}#inv-button-69f5476b1b505 .inv-button-content, #inv-button-69f5476b1b505 span.inv-button-6-text, #inv-button-69f5476b1b505 .inv-button-6-content:before {border-color: #e64933;}#inv-button-69f5476b1b505 .inv-button-content, #inv-button-69f5476b1b505 span.inv-button-6-text, #inv-button-69f5476b1b505 .inv-button-6-content:before {border-width: 2px;}#inv-button-69f5476b1b505 .inv-button-content {border-radius: 21px;}#inv-button-69f5476b1b505 .inv-button-content:hover, #inv-button-69f5476b1b505.inv-button-4-inner:hover .inv-button-4-icon, #inv-button-69f5476b1b505.inv-button-5-content:hover .inv-button-5-text,  #inv-button-69f5476b1b505 .inv-button-6-content:hover span.inv-button-6-text, #inv-button-69f5476b1b505.inv-button-4-content:hover .inv-button-4-icon {color: #ffffff;}#inv-button-69f5476b1b505 .inv-button-content:hover, #inv-button-69f5476b1b505 .inv-button-5-content:hover::after, #inv-button-69f5476b1b505inv-button-6-content:hover span.inv-button-6-text, #inv-button-69f5476b1b505 .inv-button-7-content:hover::before, #inv-button-69f5476b1b505 .inv-button-7-content:hover::before {background-color: #e64933;}#inv-button-69f5476b1b505 .inv-button-content:hover,  #inv-button-69f5476b1b505inv-button-6-content:hover span.inv-button-6-text,  #inv-button-69f5476b1b505inv-button-6-content:hover::before {border-color: #e64933;}<\/style>\")\r\n\t\t\t\t\t})(jQuery);\r\n\t\t\t\t\t\t<\/script>[\/vc_column_inner][vc_column_inner width=&#8221;1\/2&#8243;][vc_single_image image=&#8221;13400&#8243; img_size=&#8221;full&#8221; alignment=&#8221;center&#8221;][\/vc_column_inner][\/vc_row_inner][vc_empty_space height=&#8221;80px&#8221;][\/vc_column][\/vc_row][vc_row full_width=&#8221;stretch_row&#8221; css=&#8221;.vc_custom_1532341595213{background-color: #f9f9f9 !important;background-position: center !important;background-repeat: no-repeat !important;background-size: cover !important;}&#8221;][vc_column][vc_empty_space height=&#8221;40px&#8221;][vc_row_inner][vc_column_inner width=&#8221;1\/4&#8243;][\/vc_column_inner][vc_column_inner width=&#8221;1\/2&#8243;]<div id=\"ins-heading-69f5476b1b532\" class=\"inv-section-heading-wrapper text-center position-relative  \"><div class=\"inv-section-heading-title padding-15px-bottom\"><h2 style=\"color: #2a4a73\"  class=\"ins-section-heading-title-inner no-margin text-uppercase font-weight-300\">Journalistik<\/h2><\/div><\/div>[vc_empty_space height=&#8221;40px&#8221;][\/vc_column_inner][vc_column_inner width=&#8221;1\/4&#8243;][\/vc_column_inner][\/vc_row_inner][vc_row_inner][vc_column_inner width=&#8221;1\/3&#8243;]<div id='ins-icon-69f5476b1b595' class='ins-icon-wrapper margin-20px-bottom   text-center  '><div class='ins-icon-box-icon margin-20px-bottom ins-top-icon-basic icon-extra-large'><i class='fa fa-pencil'><\/i><\/div><div class='ins-icon-box-content'><div class='ins-icon-box-title title-font margin-10px-bottom sm-margin-5px-bottom text-extra-large font-weight-300 letter-spacing-0.5'>Tekstforfatning<\/div><p class='ins-icon-box-text  default'>Har du brug for at f\u00e5 gjort opm\u00e6rksom p\u00e5 din virksomhed? Vores internationale netv\u00e6rk af rutinerede journalister leverer uovertruffen indsigt i dit m\u00e5lmarked og fanger dit publikums opm\u00e6rksomhed. Uanset om du har brug for artikler, features, interviews, anmeldelser eller rapporter, st\u00e5r din engagerede freelance-journalist klar til at hj\u00e6lpe. Vores team kan ogs\u00e5 holde dig ajour med dit m\u00e5lmarked ved hj\u00e6lp af sammendrag af erhvervsjournalistiske artikler eller andre dokumenter.<\/p><\/div><\/div><script type=\"text\/javascript\">\r\n\t\t(function(jQuery) {jQuery(\"head\").append(\"<style>#ins-icon-69f5476b1b595 .ins-icon-box-icon i, #ins-icon-69f5476b1b595 .ins-float-icon-inner i, #ins-icon-69f5476b1b595 .ins-float-right-icon-inner i {color: #2a4a73;}#ins-icon-69f5476b1b595 .ins-icon-box-title, #ins-icon-69f5476b1b595 .ins-float-icon-box-title {color: #2a4a73;}#ins-icon-69f5476b1b595 .ins-icon-box-text, #ins-icon-69f5476b1b595 .ins-float-icon-box-text {color: #2a4a73;}<\/style>\")\r\n\t\t\t\t\t})(jQuery);\r\n\t\t\t\t\t\t<\/script>[\/vc_column_inner][vc_column_inner width=&#8221;1\/3&#8243;]<div id='ins-icon-69f5476b1b5d1' class='ins-icon-wrapper margin-20px-bottom   text-center  '><div class='ins-icon-box-icon margin-20px-bottom ins-top-icon-basic icon-extra-large'><i class='fa fa-check-square-o'><\/i><\/div><div class='ins-icon-box-content'><div class='ins-icon-box-title title-font margin-10px-bottom sm-margin-5px-bottom text-extra-large font-weight-300 letter-spacing-0.5'>Korrekturl\u00e6sning<\/div><p class='ins-icon-box-text  default'>Har du brug for en sidste kontrol, f\u00f8r dine artikler bliver publiceret? Vi n\u00e6rl\u00e6ser tekster og retter eventuelle grammatiske fejl eller stavefejl. Denne serviceydelse retter kun mindre fejl. V\u00e6lg vores redigeringsservice for at forbedre en tekst indholds- og stilm\u00e6ssigt.<\/p><\/div><\/div><script type=\"text\/javascript\">\r\n\t\t(function(jQuery) {jQuery(\"head\").append(\"<style>#ins-icon-69f5476b1b5d1 .ins-icon-box-icon i, #ins-icon-69f5476b1b5d1 .ins-float-icon-inner i, #ins-icon-69f5476b1b5d1 .ins-float-right-icon-inner i {color: #2a4a73;}#ins-icon-69f5476b1b5d1 .ins-icon-box-title, #ins-icon-69f5476b1b5d1 .ins-float-icon-box-title {color: #2a4a73;}#ins-icon-69f5476b1b5d1 .ins-icon-box-text, #ins-icon-69f5476b1b5d1 .ins-float-icon-box-text {color: #2a4a73;}<\/style>\")\r\n\t\t\t\t\t})(jQuery);\r\n\t\t\t\t\t\t<\/script>[\/vc_column_inner][vc_column_inner width=&#8221;1\/3&#8243;]<div id='ins-icon-69f5476b1b602' class='ins-icon-wrapper margin-20px-bottom   text-center  '><div class='ins-icon-box-icon margin-20px-bottom ins-top-icon-basic icon-extra-large'><i class='fa fa-file-text-o'><\/i><\/div><div class='ins-icon-box-content'><div class='ins-icon-box-title title-font margin-10px-bottom sm-margin-5px-bottom text-extra-large font-weight-300 letter-spacing-0.5'>Hvorfor bruge vores journalister<\/div><p class='ins-icon-box-text  default'>Har du brug for at forbedre dine artikler for at sikre maksimal effekt? Din engagerede freelance-journalist vil klarg\u00f8re en tekst til publikation ved at rette, forkorte, omskrive og forbedre indholdet og sikre et uforglemmeligt f\u00f8rste indtryk.<\/p><\/div><\/div><script type=\"text\/javascript\">\r\n\t\t(function(jQuery) {jQuery(\"head\").append(\"<style>#ins-icon-69f5476b1b602 .ins-icon-box-icon i, #ins-icon-69f5476b1b602 .ins-float-icon-inner i, #ins-icon-69f5476b1b602 .ins-float-right-icon-inner i {color: #2a4a73;}#ins-icon-69f5476b1b602 .ins-icon-box-title, #ins-icon-69f5476b1b602 .ins-float-icon-box-title {color: #2a4a73;}#ins-icon-69f5476b1b602 .ins-icon-box-text, #ins-icon-69f5476b1b602 .ins-float-icon-box-text {color: #2a4a73;}<\/style>\")\r\n\t\t\t\t\t})(jQuery);\r\n\t\t\t\t\t\t<\/script>[\/vc_column_inner][\/vc_row_inner][vc_empty_space height=&#8221;80px&#8221;][\/vc_column][\/vc_row][vc_row full_width=&#8221;stretch_row_content&#8221; css=&#8221;.vc_custom_1528839325221{background-image: url(https:\/\/nordicinternational.co.uk\/wordpress\/wp-content\/uploads\/2018\/06\/lucas-favre-434722-unsplash-2-1.jpg?id=12916) !important;background-position: center !important;background-repeat: no-repeat !important;background-size: cover !important;}&#8221;][vc_column][vc_empty_space height=&#8221;60px&#8221;][vc_row_inner equal_height=&#8221;yes&#8221; content_placement=&#8221;top&#8221;][vc_column_inner width=&#8221;1\/3&#8243; css=&#8221;.vc_custom_1528839376227{padding-right: 60px !important;padding-left: 60px !important;}&#8221;]<div id=\"ins-heading-69f5476b1b62e\" class=\"inv-section-heading-wrapper text-left position-relative  \"><div class=\"inv-section-heading-title padding-15px-bottom\"><h3 style=\"color: #ffffff\"  class=\"ins-section-heading-title-inner no-margin text-uppercase font-weight-300\">Hvorfor bruge vores journalister<\/h3><\/div><\/div><div id='ins-list-icon-69f5476b1b66d' class='ins-simple-icon-list margin-35px-bottom ins-icon-list-simple list-icon-medium list-icon-border  '><ul class='ins-simple-icon-list-inner list-style-none no-padding'><li class='ins-list-style margin-10px-bottom position-relative'><i class='ins-icon-list-icon margin-10px-right display-inline-block position-absolute left-0 fa fa-check'><\/i> Skab forspring til konkurrenterne med dybtg\u00e5ende lokalt markedskendskab og indsigt<br \/><\/li><li class='ins-list-style margin-10px-bottom position-relative'><i class='ins-icon-list-icon margin-10px-right display-inline-block position-absolute left-0 fa fa-check'><\/i> Transform\u00e9r langtrukne artikler til klar og tydelig tekst.<br \/><\/li><li class='ins-list-style margin-10px-bottom position-relative'><i class='ins-icon-list-icon margin-10px-right display-inline-block position-absolute left-0 fa fa-check'><\/i> S\u00e6t din lid til vores erfarne, passionerede forretningsjournalister baseret i Storbritannien, Danmark, Finland, Island og USA<br \/><\/li><li class='ins-list-style margin-10px-bottom position-relative'><i class='ins-icon-list-icon margin-10px-right display-inline-block position-absolute left-0 fa fa-check'><\/i> F\u00e5 nyhedsartikler, features, nyhedsbreve, websites, pressemeddelelser og dybdeg\u00e5ende business intelligence-rapporter, som er udarbejdet af eksperter<br \/><\/li><li class='ins-list-style margin-10px-bottom position-relative'><i class='ins-icon-list-icon margin-10px-right display-inline-block position-absolute left-0 fa fa-check'><\/i> Spar v\u00e6rdifuld tid med vores hurtige, fleksible og venlige service<\/li><\/ul><\/div><script type=\"text\/javascript\">\r\n\t\t(function(jQuery) {jQuery(\"head\").append(\"<style>#ins-list-icon-69f5476b1b66d .ins-list-style .ins-icon-list-icon{color: #ffffff;}#ins-list-icon-69f5476b1b66d .ins-list-style{color: #ffffff;}<\/style>\")\r\n\t\t\t\t\t})(jQuery);\r\n\t\t\t\t\t\t<\/script>[\/vc_column_inner][vc_column_inner width=&#8221;1\/3&#8243; css=&#8221;.vc_custom_1528839383220{padding-right: 60px !important;padding-left: 60px !important;}&#8221;]<div id=\"ins-heading-69f5476b1b694\" class=\"inv-section-heading-wrapper text-left position-relative  \"><div class=\"inv-section-heading-title padding-15px-bottom\"><h3 style=\"color: #ffffff\"  class=\"ins-section-heading-title-inner no-margin text-uppercase font-weight-300\">Vi tilbyder korrekturl\u00e6sning og redigering p\u00e5 mange sprog, herunder:<\/h3><\/div><\/div><div id='ins-list-icon-69f5476b1b6b9' class='ins-simple-icon-list margin-35px-bottom ins-icon-list-simple list-icon-medium list-icon-border  '><ul class='ins-simple-icon-list-inner list-style-none no-padding'><li class='ins-list-style margin-10px-bottom position-relative'><i class='ins-icon-list-icon margin-10px-right display-inline-block position-absolute left-0 fa fa-check'><\/i> Engelsk (britisk og amerikansk)<br \/><\/li><li class='ins-list-style margin-10px-bottom position-relative'><i class='ins-icon-list-icon margin-10px-right display-inline-block position-absolute left-0 fa fa-check'><\/i> Dansk, norsk, svensk, finsk og islandsk<br \/><\/li><li class='ins-list-style margin-10px-bottom position-relative'><i class='ins-icon-list-icon margin-10px-right display-inline-block position-absolute left-0 fa fa-check'><\/i> Tysk (Tyskland og Schweiz), hollandsk, fransk, italiensk og spansk<br \/><\/li><li class='ins-list-style margin-10px-bottom position-relative'><i class='ins-icon-list-icon margin-10px-right display-inline-block position-absolute left-0 fa fa-check'><\/i> Polsk, estisk, lettisk, litauisk og russisk<\/li><\/ul><\/div><script type=\"text\/javascript\">\r\n\t\t(function(jQuery) {jQuery(\"head\").append(\"<style>#ins-list-icon-69f5476b1b6b9 .ins-list-style .ins-icon-list-icon{color: #ffffff;}#ins-list-icon-69f5476b1b6b9 .ins-list-style{color: #ffffff;}<\/style>\")\r\n\t\t\t\t\t})(jQuery);\r\n\t\t\t\t\t\t<\/script>[\/vc_column_inner][vc_column_inner width=&#8221;1\/3&#8243; css=&#8221;.vc_custom_1528839390684{padding-right: 60px !important;padding-left: 60px !important;}&#8221;]<div id=\"ins-heading-69f5476b1b6da\" class=\"inv-section-heading-wrapper text-left position-relative  \"><div class=\"inv-section-heading-title padding-15px-bottom\"><h3 style=\"color: #ffffff\"  class=\"ins-section-heading-title-inner no-margin text-uppercase font-weight-300\">Vi skriver:<\/h3><\/div><\/div><div id='ins-list-icon-69f5476b1b6fc' class='ins-simple-icon-list margin-35px-bottom ins-icon-list-simple list-icon-medium list-icon-border  '><ul class='ins-simple-icon-list-inner list-style-none no-padding'><li class='ins-list-style margin-10px-bottom position-relative'><i class='ins-icon-list-icon margin-10px-right display-inline-block position-absolute left-0 fa fa-check'><\/i> Artikler<br \/><\/li><li class='ins-list-style margin-10px-bottom position-relative'><i class='ins-icon-list-icon margin-10px-right display-inline-block position-absolute left-0 fa fa-check'><\/i> Rapporter<br \/><\/li><li class='ins-list-style margin-10px-bottom position-relative'><i class='ins-icon-list-icon margin-10px-right display-inline-block position-absolute left-0 fa fa-check'><\/i> Interview-features<br \/><\/li><li class='ins-list-style margin-10px-bottom position-relative'><i class='ins-icon-list-icon margin-10px-right display-inline-block position-absolute left-0 fa fa-check'><\/i> Markedsanalyserapporter<br \/><\/li><li class='ins-list-style margin-10px-bottom position-relative'><i class='ins-icon-list-icon margin-10px-right display-inline-block position-absolute left-0 fa fa-check'><\/i> Markedsspecifikke statusopdateringer<br \/><\/li><li class='ins-list-style margin-10px-bottom position-relative'><i class='ins-icon-list-icon margin-10px-right display-inline-block position-absolute left-0 fa fa-check'><\/i> Oversigter over markedstendenser for bestemte regioner<\/li><\/ul><\/div><script type=\"text\/javascript\">\r\n\t\t(function(jQuery) {jQuery(\"head\").append(\"<style>#ins-list-icon-69f5476b1b6fc .ins-list-style .ins-icon-list-icon{color: #ffffff;}#ins-list-icon-69f5476b1b6fc .ins-list-style{color: #ffffff;}<\/style>\")\r\n\t\t\t\t\t})(jQuery);\r\n\t\t\t\t\t\t<\/script>[\/vc_column_inner][\/vc_row_inner][vc_empty_space height=&#8221;80px&#8221;][\/vc_column][\/vc_row][vc_row full_width=&#8221;stretch_row&#8221; css=&#8221;.vc_custom_1528837171971{background-color: #ffffff !important;background-position: center !important;background-repeat: no-repeat !important;background-size: cover !important;}&#8221;][vc_column][vc_empty_space height=&#8221;40px&#8221;]<div id=\"ins-heading-69f5476b1b71f\" class=\"inv-section-heading-wrapper text-center position-relative  \"><div class=\"inv-section-heading-title padding-15px-bottom\"><h2 style=\"color: #2a4a73\"  class=\"ins-section-heading-title-inner no-margin text-uppercase font-weight-300\">Boost dit brand med journalistisk ekspertise p\u00e5:<\/h2><\/div><\/div>[vc_empty_space height=&#8221;40px&#8221;][vc_row_inner][vc_column_inner width=&#8221;1\/6&#8243;][vc_single_image image=&#8221;13084&#8243; img_size=&#8221;full&#8221; alignment=&#8221;center&#8221;][vc_column_text]<\/p>\n<p style=\"color: #2a4a73; text-align: center;\">Engelsk<\/p>\n<p>[\/vc_column_text][\/vc_column_inner][vc_column_inner width=&#8221;1\/6&#8243;][vc_single_image image=&#8221;13082&#8243; img_size=&#8221;full&#8221; alignment=&#8221;center&#8221;][vc_column_text]<\/p>\n<p style=\"color: #2a4a73; text-align: center;\">Dansk<\/p>\n<p>[\/vc_column_text][\/vc_column_inner][vc_column_inner width=&#8221;1\/6&#8243;][vc_single_image image=&#8221;13083&#8243; img_size=&#8221;full&#8221; alignment=&#8221;center&#8221;][vc_column_text]<\/p>\n<p style=\"color: #2a4a73; text-align: center;\">Tysk<\/p>\n<p>[\/vc_column_text][\/vc_column_inner][vc_column_inner width=&#8221;1\/6&#8243;][vc_single_image image=&#8221;13087&#8243; img_size=&#8221;full&#8221; alignment=&#8221;center&#8221;][vc_column_text]<\/p>\n<p style=\"color: #2a4a73; text-align: center;\">Svensk<\/p>\n<p>[\/vc_column_text][\/vc_column_inner][vc_column_inner width=&#8221;1\/6&#8243;][vc_single_image image=&#8221;13086&#8243; img_size=&#8221;full&#8221; alignment=&#8221;center&#8221;][vc_column_text]<\/p>\n<p style=\"color: #2a4a73; text-align: center;\">Norsk<\/p>\n<p>[\/vc_column_text][\/vc_column_inner][vc_column_inner width=&#8221;1\/6&#8243;][vc_single_image image=&#8221;13085&#8243; img_size=&#8221;full&#8221; alignment=&#8221;center&#8221;][vc_column_text]<\/p>\n<p style=\"color: #2a4a73; text-align: center;\">Finsk<\/p>\n<p>[\/vc_column_text][\/vc_column_inner][\/vc_row_inner][vc_empty_space height=&#8221;80px&#8221;][\/vc_column][\/vc_row]<\/p>\n","protected":false},"excerpt":{"rendered":"<p>[vc_row full_width=&#8221;stretch_row&#8221; css=&#8221;.vc_custom_1528837171971{background-color: #ffffff !important;background-position: center !important;background-repeat: no-repeat !important;background-size: cover !important;}&#8221;][vc_column][vc_empty_space height=&#8221;40px&#8221;][vc_row_inner equal_height=&#8221;yes&#8221; content_placement=&#8221;middle&#8221;][vc_column_inner width=&#8221;1\/2&#8243;][vc_column_text] Vores journalister har mange \u00e5rs erfaring, der sp\u00e6nder fra interviews med fremtr\u00e6dende personer som f.eks. statsministre, pr\u00e6sidenter og topledere, til at d\u00e6kke FN-, EU- og NATO-topm\u00f8der. Ledende internationale nyhedsbureauer, nationale tv-stationer og trykte medier g\u00f8r brug af vores netv\u00e6rk af [&hellip;]<\/p>\n","protected":false},"author":3,"featured_media":0,"parent":0,"menu_order":0,"comment_status":"closed","ping_status":"closed","template":"","meta":[],"_links":{"self":[{"href":"https:\/\/nordicinternational.co.uk\/da\/wp-json\/wp\/v2\/pages\/13235"}],"collection":[{"href":"https:\/\/nordicinternational.co.uk\/da\/wp-json\/wp\/v2\/pages"}],"about":[{"href":"https:\/\/nordicinternational.co.uk\/da\/wp-json\/wp\/v2\/types\/page"}],"author":[{"embeddable":true,"href":"https:\/\/nordicinternational.co.uk\/da\/wp-json\/wp\/v2\/users\/3"}],"replies":[{"embeddable":true,"href":"https:\/\/nordicinternational.co.uk\/da\/wp-json\/wp\/v2\/comments?post=13235"}],"version-history":[{"count":0,"href":"https:\/\/nordicinternational.co.uk\/da\/wp-json\/wp\/v2\/pages\/13235\/revisions"}],"wp:attachment":[{"href":"https:\/\/nordicinternational.co.uk\/da\/wp-json\/wp\/v2\/media?parent=13235"}],"curies":[{"name":"wp","href":"https:\/\/api.w.org\/{rel}","templated":true}]}}