{"id":13239,"date":"2018-06-13T09:58:50","date_gmt":"2018-06-13T09:58:50","guid":{"rendered":"https:\/\/nordicinternational.co.uk\/meet-the-team\/"},"modified":"2024-10-18T11:24:38","modified_gmt":"2024-10-18T11:24:38","slug":"moed-vores-team","status":"publish","type":"page","link":"https:\/\/nordicinternational.co.uk\/da\/moed-vores-team\/","title":{"rendered":"M\u00f8d vores team"},"content":{"rendered":"<p>[vc_row full_width=&#8221;stretch_row&#8221; css=&#8221;.vc_custom_1528837171971{background-color: #ffffff !important;background-position: center !important;background-repeat: no-repeat !important;background-size: cover !important;}&#8221;][vc_column]<div id=\"ins-heading-69f703e2976fd\" class=\"inv-section-heading-wrapper text-center position-relative  \"><div class=\"inv-section-heading-title padding-15px-bottom\"><h2 style=\"color: #2a4a73\"  class=\"ins-section-heading-title-inner no-margin text-uppercase font-weight-300\">FINANSIELT OVERS\u00c6TTELSESBUREAU MED EKSPERTOVERS\u00c6TTERE, FLERSPROGEDE JOURNALISTER OG FOKUS P\u00c5 SHIPPINGINDUSTRIEN<\/h2><\/div><\/div>[vc_empty_space height=&#8221;40px&#8221;][vc_column_text]<\/p>\n<p style=\"text-align: center; color: #2a4a73;\">Vores fagkyndige finansielle overs\u00e6ttelsesbureau leverer fejlfri skandinavisk overs\u00e6ttelse, intelligent journalistik og indsigtsfuld business intelligence til shipping- og s\u00f8fartsvirksomheder for at sikre tydelig kommunikation. Lige fra erhvervsjournalistik til din egen dedikerede svenske overs\u00e6tter tr\u00e6kker vi p\u00e5 over 25 \u00e5rs erfaring for at levere de h\u00f8jest mulige standarder.<\/p>\n<p>[\/vc_column_text]<div id='inv-button-69f703e297741' class='inv-button-wrapper inv-button-1-wrapper text-center inv-button-medium '><div class='inv-button-inner inv-button-1-inner'><a class='inv-button-content inv-button-1-content' href='https:\/\/nordicinternational.co.uk\/da\/kontakt-os\/' target=''>Kontakt os<\/a><\/div><\/div><script type=\"text\/javascript\">\r\n\t\t(function(jQuery) {jQuery(\"head\").append(\"<style>#inv-button-69f703e297741 .inv-button-content, #inv-button-69f703e297741 .inv-button-4-icon, #inv-button-69f703e297741 span.inv-button-6-text {color: #2a4a73;}#inv-button-69f703e297741 .inv-button-content, #inv-button-69f703e297741 span.inv-button-6-text, #inv-button-69f703e297741 .inv-button-6-content:before {border-color: #e64933;}#inv-button-69f703e297741 .inv-button-content, #inv-button-69f703e297741 span.inv-button-6-text, #inv-button-69f703e297741 .inv-button-6-content:before {border-width: 2px;}#inv-button-69f703e297741 .inv-button-content {border-radius: 21px;}#inv-button-69f703e297741 .inv-button-content:hover, #inv-button-69f703e297741.inv-button-4-inner:hover .inv-button-4-icon, #inv-button-69f703e297741.inv-button-5-content:hover .inv-button-5-text,  #inv-button-69f703e297741 .inv-button-6-content:hover span.inv-button-6-text, #inv-button-69f703e297741.inv-button-4-content:hover .inv-button-4-icon {color: #ffffff;}#inv-button-69f703e297741 .inv-button-content:hover, #inv-button-69f703e297741 .inv-button-5-content:hover::after, #inv-button-69f703e297741inv-button-6-content:hover span.inv-button-6-text, #inv-button-69f703e297741 .inv-button-7-content:hover::before, #inv-button-69f703e297741 .inv-button-7-content:hover::before {background-color: #e64933;}#inv-button-69f703e297741 .inv-button-content:hover,  #inv-button-69f703e297741inv-button-6-content:hover span.inv-button-6-text,  #inv-button-69f703e297741inv-button-6-content:hover::before {border-color: #e64933;}<\/style>\")\r\n\t\t\t\t\t})(jQuery);\r\n\t\t\t\t\t\t<\/script>[vc_empty_space height=&#8221;80px&#8221;][\/vc_column][\/vc_row][vc_row full_width=&#8221;stretch_row&#8221; css=&#8221;.vc_custom_1528884223245{background-color: #f9f9f9 !important;background-position: center !important;background-repeat: no-repeat !important;background-size: cover !important;}&#8221;][vc_column][vc_empty_space height=&#8221;40px&#8221;]<div id=\"ins-heading-69f703e29776b\" class=\"inv-section-heading-wrapper text-center position-relative  \"><div class=\"inv-section-heading-title padding-15px-bottom\"><h2 style=\"color: #2a4a73\"  class=\"ins-section-heading-title-inner no-margin text-uppercase font-weight-300\">L\u00e6r os lidt bedre at kende<\/h2><\/div><\/div>[vc_empty_space height=&#8221;40px&#8221;][vc_row_inner][vc_column_inner width=&#8221;1\/3&#8243;]<div class='hospital-team-wrapper  '><div class='hospital-team-inner'><div class='hospital-team-detail inv-team-member-section-bg'><div class='inv-social-media-section'><ul><\/ul><\/div>Jonathon Baker\r\nManaging Director\r\n\r\nA lover of all things digital, Jonathon is an enthusiast when it comes to embracing new technology, and has transformed our systems and processes since taking the helm a couple of years ago. One of life\u2019s natural motivators, Jonathon makes it his priority to take the time to have quality conversations with our clients. Always armed and ready for new challenges, Jonathon is most happy when building relationships with new customers in different markets.<\/div><div class='separator-line-holder'><div class='separator-line-inner'><!--line--><\/div><\/div><\/div><\/div>[\/vc_column_inner][vc_column_inner width=&#8221;1\/3&#8243;]<div class='hospital-team-wrapper  '><div class='hospital-team-inner'><div class='hospital-team-detail inv-team-member-section-bg'><div class='inv-social-media-section'><ul><\/ul><\/div>Adrian Graham\r\nProject Manager\r\n\r\nWith over 5 years' professional experience in the translation industry and a Masters in Translation from Swansea University, Adrian is well placed to look after our clients and makes sure they receive the best translation and best service possible.\r\n\r\nHe makes sure to cater for all our client\u2019s needs and always chooses the best linguists for each job, whilst also keeping budgets and timescales firmly in mind.<\/div><div class='separator-line-holder'><div class='separator-line-inner'><!--line--><\/div><\/div><\/div><\/div>[\/vc_column_inner][vc_column_inner width=&#8221;1\/3&#8243;]<div class='hospital-team-wrapper  '><div class='hospital-team-inner'><div class='hospital-team-detail inv-team-member-section-bg'><div class='inv-social-media-section'><ul><\/ul><\/div>Lucia Clements\r\nProject Manager\r\n\r\nA skilled translator from English to Spanish, Lucia knows what it takes to reach out to new markets and clients all over the world. A juggler of many responsibilities, Lucia is our main liaison between our clients and translators, taking control of timescales and budgets, managing expectations, and ensuring our high standards are met on every project.<\/div><div class='separator-line-holder'><div class='separator-line-inner'><!--line--><\/div><\/div><\/div><\/div>[\/vc_column_inner][\/vc_row_inner][vc_row_inner][vc_column_inner width=&#8221;1\/3&#8243;]<div class='hospital-team-wrapper  '><div class='hospital-team-inner'><div class='hospital-team-detail inv-team-member-section-bg'><div class='inv-social-media-section'><ul><\/ul><\/div>Holly Pepper\r\nTranslation Manager\r\n\r\nWith a meticulous eye for detail, Holly always aims to ensure that every translation is carried out to the highest standards. Having graduated from the University of Sheffield with a BA in French, German &amp; Spanish, Holly then made her way over to Spain, where she completed an MA in Translation Studies at Pompeu Fabra University in Barcelona. Her experience of living and working in other countries helps her relate to the varied needs of every project. Alongside her work as a project manager, Holly also carries out translation work.<\/div><div class='separator-line-holder'><div class='separator-line-inner'><!--line--><\/div><\/div><\/div><\/div>[\/vc_column_inner][vc_column_inner width=&#8221;1\/3&#8243;]<div class='hospital-team-wrapper  '><div class='hospital-team-inner'><div class='hospital-team-detail inv-team-member-section-bg'><div class='inv-social-media-section'><ul><\/ul><\/div>Barney Britten\r\nTranslation Manager\r\n\r\nSince graduating from the University of Bristol with a BA in German and Russian, Barney has been a reviser, an editor\/terminologist, a freelance translator and now a project manager. The only time he has spent out of the translation industry since graduating was used to gain an MA in Interpreting and Translating from the University of Bath. Barney uses this insight to build rapport with both clients and linguists and to ensure that all of his projects run smoothly from start to finish.<\/div><div class='separator-line-holder'><div class='separator-line-inner'><!--line--><\/div><\/div><\/div><\/div>[\/vc_column_inner][vc_column_inner width=&#8221;1\/3&#8243;]<div class='hospital-team-wrapper  '><div class='hospital-team-inner'><div class='hospital-team-detail inv-team-member-section-bg'><div class='inv-social-media-section'><ul><\/ul><\/div>Janet Eastwood\r\nIn-house Translator\r\n\r\nWhether it\u2019s Spanish, French, German or Italian you need worked into English, Janet is your woman. A highly accomplished and experienced translator, Janet also helps to manage workflow through the business with her \u201ccan-do\u201d attitude and calm and conscientious manner. From ancient parchments in spidery handwriting, to obscure subjects with no reference material, there\u2019s no translation challenge too great for Janet!<\/div><div class='separator-line-holder'><div class='separator-line-inner'><!--line--><\/div><\/div><\/div><\/div>[\/vc_column_inner][\/vc_row_inner][vc_empty_space height=&#8221;80px&#8221;][\/vc_column][\/vc_row][vc_row full_width=&#8221;stretch_row&#8221; css=&#8221;.vc_custom_1528837171971{background-color: #ffffff !important;background-position: center !important;background-repeat: no-repeat !important;background-size: cover !important;}&#8221;][vc_column][vc_empty_space height=&#8221;40px&#8221;]<div id=\"ins-heading-69f703e29969e\" class=\"inv-section-heading-wrapper text-center position-relative  \"><div class=\"inv-section-heading-title padding-15px-bottom\"><h2 style=\"color: #2a4a73\"  class=\"ins-section-heading-title-inner no-margin text-uppercase font-weight-300\">KUNNE DU T\u00c6NKE DIG AT SAMARBEJDE MED OS?<\/h2><\/div><\/div>[vc_empty_space height=&#8221;40px&#8221;]<div id='inv-button-69f703e2996d4' class='inv-button-wrapper inv-button-1-wrapper text-center inv-button-medium '><div class='inv-button-inner inv-button-1-inner'><a class='inv-button-content inv-button-1-content' href='https:\/\/nordicinternational.co.uk\/da\/kontakt-os\/' target=''>SEND OS EN BESKED<\/a><\/div><\/div><script type=\"text\/javascript\">\r\n\t\t(function(jQuery) {jQuery(\"head\").append(\"<style>#inv-button-69f703e2996d4 .inv-button-content, #inv-button-69f703e2996d4 .inv-button-4-icon, #inv-button-69f703e2996d4 span.inv-button-6-text {color: #2a4a73;}#inv-button-69f703e2996d4 .inv-button-content, #inv-button-69f703e2996d4 span.inv-button-6-text, #inv-button-69f703e2996d4 .inv-button-6-content:before {border-color: #e64933;}#inv-button-69f703e2996d4 .inv-button-content, #inv-button-69f703e2996d4 span.inv-button-6-text, #inv-button-69f703e2996d4 .inv-button-6-content:before {border-width: 2px;}#inv-button-69f703e2996d4 .inv-button-content {border-radius: 21px;}#inv-button-69f703e2996d4 .inv-button-content:hover, #inv-button-69f703e2996d4.inv-button-4-inner:hover .inv-button-4-icon, #inv-button-69f703e2996d4.inv-button-5-content:hover .inv-button-5-text,  #inv-button-69f703e2996d4 .inv-button-6-content:hover span.inv-button-6-text, #inv-button-69f703e2996d4.inv-button-4-content:hover .inv-button-4-icon {color: #ffffff;}#inv-button-69f703e2996d4 .inv-button-content:hover, #inv-button-69f703e2996d4 .inv-button-5-content:hover::after, #inv-button-69f703e2996d4inv-button-6-content:hover span.inv-button-6-text, #inv-button-69f703e2996d4 .inv-button-7-content:hover::before, #inv-button-69f703e2996d4 .inv-button-7-content:hover::before {background-color: #e64933;}#inv-button-69f703e2996d4 .inv-button-content:hover,  #inv-button-69f703e2996d4inv-button-6-content:hover span.inv-button-6-text,  #inv-button-69f703e2996d4inv-button-6-content:hover::before {border-color: #e64933;}<\/style>\")\r\n\t\t\t\t\t})(jQuery);\r\n\t\t\t\t\t\t<\/script>[vc_empty_space height=&#8221;80px&#8221;][\/vc_column][\/vc_row]<\/p>\n","protected":false},"excerpt":{"rendered":"<p>[vc_row full_width=&#8221;stretch_row&#8221; css=&#8221;.vc_custom_1528837171971{background-color: #ffffff !important;background-position: center !important;background-repeat: no-repeat !important;background-size: cover !important;}&#8221;][vc_column][vc_empty_space height=&#8221;40px&#8221;][vc_column_text] Vores fagkyndige finansielle overs\u00e6ttelsesbureau leverer fejlfri skandinavisk overs\u00e6ttelse, intelligent journalistik og indsigtsfuld business intelligence til shipping- og s\u00f8fartsvirksomheder for at sikre tydelig kommunikation. Lige fra erhvervsjournalistik til din egen dedikerede svenske overs\u00e6tter tr\u00e6kker vi p\u00e5 over 25 \u00e5rs erfaring for at levere de [&hellip;]<\/p>\n","protected":false},"author":3,"featured_media":0,"parent":0,"menu_order":0,"comment_status":"closed","ping_status":"closed","template":"","meta":[],"_links":{"self":[{"href":"https:\/\/nordicinternational.co.uk\/da\/wp-json\/wp\/v2\/pages\/13239"}],"collection":[{"href":"https:\/\/nordicinternational.co.uk\/da\/wp-json\/wp\/v2\/pages"}],"about":[{"href":"https:\/\/nordicinternational.co.uk\/da\/wp-json\/wp\/v2\/types\/page"}],"author":[{"embeddable":true,"href":"https:\/\/nordicinternational.co.uk\/da\/wp-json\/wp\/v2\/users\/3"}],"replies":[{"embeddable":true,"href":"https:\/\/nordicinternational.co.uk\/da\/wp-json\/wp\/v2\/comments?post=13239"}],"version-history":[{"count":1,"href":"https:\/\/nordicinternational.co.uk\/da\/wp-json\/wp\/v2\/pages\/13239\/revisions"}],"predecessor-version":[{"id":13781,"href":"https:\/\/nordicinternational.co.uk\/da\/wp-json\/wp\/v2\/pages\/13239\/revisions\/13781"}],"wp:attachment":[{"href":"https:\/\/nordicinternational.co.uk\/da\/wp-json\/wp\/v2\/media?parent=13239"}],"curies":[{"name":"wp","href":"https:\/\/api.w.org\/{rel}","templated":true}]}}