{"id":13731,"date":"2021-11-10T16:39:25","date_gmt":"2021-11-10T16:39:25","guid":{"rendered":"https:\/\/nordicinternational.co.uk\/?page_id=13731"},"modified":"2021-12-06T18:08:03","modified_gmt":"2021-12-06T18:08:03","slug":"faq-ofte-stillede-spoergsmaal","status":"publish","type":"page","link":"https:\/\/nordicinternational.co.uk\/da\/faq-ofte-stillede-spoergsmaal\/","title":{"rendered":"FAQ \u2013 Ofte stillede sp\u00f8rgsm\u00e5l"},"content":{"rendered":"<p>[vc_row][vc_column][vc_column_text]<\/p>\n<h2><strong>Hvordan adskiller I jer fra andre udbydere?<\/strong><\/h2>\n<p>Vi er din <strong>one-stop-shop<\/strong> for overs\u00e6ttere, tekstforfattere og journalister, copyeditorer og korrekturl\u00e6sere.<\/p>\n<p>Vi har specialiseret os inden for engelsk og de <strong>nordiske sprog (dansk, norsk, svensk, finsk og islandsk)<\/strong>. Med vores omfattende netv\u00e6rk tager vi os ogs\u00e5 og mange andre sprog. Vi arbejder b\u00e5de med britisk engelsk og amerikansk engelsk.<\/p>\n<p><strong>\u00a0<\/strong><\/p>\n<h1><strong>OVERS\u00c6TTELSE<\/strong><\/h1>\n<p><strong>Hvilke emner d\u00e6kker I?<\/strong><\/p>\n<p>Vi d\u00e6kker mange emner, herunder tekniske brugervejledninger, websites, IT, finansielle og juridiske tekster m.m. Bilindustri og skibsfart er industrier, vi j\u00e6vnligt arbejder inden for.<\/p>\n<p><strong>\u00a0<\/strong><\/p>\n<p><strong>Hvilke formater kan I arbejde med?<\/strong><\/p>\n<p>Vi kan arbejde med de fleste, g\u00e6ngse formater, herunder Microsoft Word, rtf, html, PowerPoint, Excel og Adobe InDesign. Vi bruger CAT-v\u00e6rkt\u00f8jet Trados Studio for hastighed og effektivitet.<\/p>\n<p>&nbsp;<\/p>\n<p><strong>Hvor meget koster en overs\u00e6ttelse?<\/strong><\/p>\n<p>Priser er baseret p\u00e5 emnet, den n\u00f8dvendige ekspertise, sprog, om det haster og dine filers l\u00e6ngde og format.<\/p>\n<p><strong>\u00a0<\/strong><\/p>\n<p><strong>Hvordan f\u00e5r jeg et gratis tilbud?<\/strong><\/p>\n<p>Send os blot dine filer, og fort\u00e6l os pr\u00e6cist, hvad du har brug for, s\u00e5 vender vi tilbage til dig med et gratis, uforpligtende og personligt tilbud.<\/p>\n<p><strong>\u00a0<\/strong><\/p>\n<p><strong>Skal virksomheder i EU betale moms, nu hvor Storbritannien har forladt EU som et resultat af Brexit?<\/strong><\/p>\n<p>Nej, der beregnes ikke moms for virksomheder i EU.<\/p>\n<p>&nbsp;<\/p>\n<p><strong>Hvorfor b\u00f8r man f\u00e5 oversat sit website?<\/strong><\/p>\n<p>Med det kan du n\u00e5 ud til tusindvis af nye bes\u00f8gende og potentielle kunder online.<\/p>\n<p>&nbsp;<\/p>\n<h1><strong>REDIGERING OG KORREKTURL\u00c6SNING<\/strong><\/h1>\n<p><strong>Hvad er forskellen mellem redigering og korrekturl\u00e6sning?<\/strong><\/p>\n<p><strong>Korrekturl\u00e6sning<\/strong><\/p>\n<p>Vi ser n\u00f8je p\u00e5 en tekst, som er blevet gjort klar til publicering og udf\u00f8rer et sidste kvalitetstjek, hvor vi s\u00f8rger for, at alt st\u00e5r det rigtige sted og er som det skal v\u00e6re (konsistent brug af bindestreg og store bogstaver, retskrivning, sidenummerering osv.). Det er sidste chance til at fange stavefejl og utilsigtede fejl inden publicering.<\/p>\n<p><strong>Redigering<\/strong><\/p>\n<p>Vi klarg\u00f8r dokumenter til publicering ved at rette, omskrive og forbedrer. Resultatet er en tekst, som er:<\/p>\n<ul>\n<li>Konsistent i sprog og stil<\/li>\n<li>Korrekt (retskrivning, grammatik, tegns\u00e6tning)<\/li>\n<li>Velstruktureret<\/li>\n<li>Egnet til den beregnede m\u00e5lgruppe, herunder personer, som ikke har engelsk som deres f\u00f8rste sprog.<\/li>\n<\/ul>\n<p>&nbsp;<\/p>\n<h1><strong>PROFESSIONELLE STANDARDER<\/strong><\/h1>\n<p>Hvordan garanterer I professionelle standarder?<\/p>\n<p>Direkt\u00f8ren for Nordic International, Andrew Draper, er medlem af nedenst\u00e5ende organisationer, som hver is\u00e6r har strikse regler. Vi overholder dem allesammen.<\/p>\n<ul>\n<li><strong><a href=\"https:\/\/www.nuj.org.uk\/about-us\/rules-and-guidance\/code-of-conduct.html\">National Union of Journalists<\/a><\/strong><\/li>\n<li><strong><a href=\"https:\/\/www.ciep.uk\/standards\/code-of-practice\/\">Chartered Institute of Editing and Proofreading<\/a><\/strong><\/li>\n<li><strong><a href=\"https:\/\/www.ciol.org.uk\/benefits\/code\">Chartered Institute of Linguists<\/a><\/strong><\/li>\n<\/ul>\n<p>&nbsp;<\/p>\n<p>[\/vc_column_text][\/vc_column][\/vc_row]<\/p>\n","protected":false},"excerpt":{"rendered":"<p>[vc_row][vc_column][vc_column_text] Hvordan adskiller I jer fra andre udbydere? Vi er din one-stop-shop for overs\u00e6ttere, tekstforfattere og journalister, copyeditorer og korrekturl\u00e6sere. Vi har specialiseret os inden for engelsk og de nordiske sprog (dansk, norsk, svensk, finsk og islandsk). Med vores omfattende netv\u00e6rk tager vi os ogs\u00e5 og mange andre sprog. Vi arbejder b\u00e5de med britisk engelsk [&hellip;]<\/p>\n","protected":false},"author":3,"featured_media":0,"parent":0,"menu_order":0,"comment_status":"closed","ping_status":"closed","template":"","meta":[],"_links":{"self":[{"href":"https:\/\/nordicinternational.co.uk\/da\/wp-json\/wp\/v2\/pages\/13731"}],"collection":[{"href":"https:\/\/nordicinternational.co.uk\/da\/wp-json\/wp\/v2\/pages"}],"about":[{"href":"https:\/\/nordicinternational.co.uk\/da\/wp-json\/wp\/v2\/types\/page"}],"author":[{"embeddable":true,"href":"https:\/\/nordicinternational.co.uk\/da\/wp-json\/wp\/v2\/users\/3"}],"replies":[{"embeddable":true,"href":"https:\/\/nordicinternational.co.uk\/da\/wp-json\/wp\/v2\/comments?post=13731"}],"version-history":[{"count":0,"href":"https:\/\/nordicinternational.co.uk\/da\/wp-json\/wp\/v2\/pages\/13731\/revisions"}],"wp:attachment":[{"href":"https:\/\/nordicinternational.co.uk\/da\/wp-json\/wp\/v2\/media?parent=13731"}],"curies":[{"name":"wp","href":"https:\/\/api.w.org\/{rel}","templated":true}]}}