{"id":13156,"date":"2017-10-06T09:41:29","date_gmt":"2017-10-06T09:41:29","guid":{"rendered":"https:\/\/nordicinternational.co.uk\/contact-us\/"},"modified":"2022-09-07T13:54:52","modified_gmt":"2022-09-07T13:54:52","slug":"kontakt","status":"publish","type":"page","link":"https:\/\/nordicinternational.co.uk\/de\/kontakt\/","title":{"rendered":"Kontakt"},"content":{"rendered":"<p>[vc_row full_width=&#8221;stretch_row&#8221;][vc_column][vc_empty_space height=&#8221;20px&#8221;][vc_row_inner][vc_column_inner width=&#8221;1\/6&#8243;][\/vc_column_inner][vc_column_inner width=&#8221;2\/3&#8243;]<div id=\"ins-heading-69f9ac98a4c43\" class=\"inv-section-heading-wrapper text-center position-relative   vc_custom_1537294563064\"><div class=\"inv-section-heading-title padding-15px-bottom\"><h2 style=\"color: #47354e\"  class=\"ins-section-heading-title-inner no-margin  default\">Stellen Sie eine Anfrage zu niederl\u00e4ndischen \u00dcbersetzungsdienstleistungen, Bokm\u00e5l-\u00dcbersetzungen oder Wirtschaftsjournalismus von unserem Team aus Experten.<\/h2><\/div><div style=\"background-color: #f7224a\" class=\"inv-section-heading-separator\"><!--separator--><\/div><\/div>[vc_column_text]<\/p>\n<div class=\"inv-title-center-align\">\n<p>Von Seefahrts\u00fcbersetzungen bis hin zu detaillierten Analysen Ihres Zielmarktes \u2013 teilen Sie uns Ihre Anforderungen mit und wir helfen Ihnen gerne weiter.<\/p>\n<\/div>\n<p>[\/vc_column_text][\/vc_column_inner][vc_column_inner width=&#8221;1\/6&#8243;][\/vc_column_inner][\/vc_row_inner][\/vc_column][\/vc_row][vc_row full_width=&#8221;stretch_row&#8221;][vc_column width=&#8221;1\/2&#8243;][vc_empty_space height=&#8221;30px&#8221;]<div id=\"ins-heading-69f9ac98a4c77\" class=\"inv-section-heading-wrapper text-left position-relative   vc_custom_1537294714908\"><div class=\"inv-section-heading-title padding-15px-bottom\"><h2 style=\"color: #47354e\"  class=\"ins-section-heading-title-inner no-margin  default\">Kontaktinformationen<\/h2><\/div><div style=\"background-color: #f7224a\" class=\"inv-section-heading-separator\"><!--separator--><\/div><\/div>[vc_row_inner][vc_column_inner][vc_column_text]<\/p>\n<div class=\"inv-contact-two-info-wrapper\">\n<p class=\"inv-contact-two-info-info\">E-Mail-Adresse:<\/p>\n<h6 class=\"inv-contact-two-info-sub-info\"><a href=\"mailto:hello@nordicinternational.co.uk\">hello@nordicinternational.co.uk<\/a><\/h6>\n<\/div>\n<p>[\/vc_column_text][vc_column_text]<\/p>\n<div class=\"inv-contact-two-info-wrapper\">\n<p class=\"inv-contact-two-info-info\">Tel:<\/p>\n<h6 class=\"inv-contact-two-info-sub-info\">+44 (0)2921 287330<\/h6>\n<\/div>\n<p>[\/vc_column_text][\/vc_column_inner][\/vc_row_inner][vc_row_inner][vc_column_inner][vc_column_text]<\/p>\n<div class=\"inv-contact-two-info-wrapper\">\n<p class=\"inv-contact-two-info-info\">Hauptniederlassung:<\/p>\n<h6 class=\"inv-contact-two-info-sub-info\">Nordic International Ltd<br \/>\nRahere Lodge<br \/>\n45 Cambrian Avenue<br \/>\nGilfach Goch<br \/>\nPorth<br \/>\nCF39 8TF<br \/>\nWales,<br \/>\nGro\u00dfbritannien<\/h6>\n<\/div>\n<p>[\/vc_column_text][vc_column_text]<\/p>\n<div class=\"inv-contact-two-info-wrapper\">\n<p class=\"inv-contact-two-info-info\">Gesch\u00e4ftsf\u00fchrer:<\/p>\n<h6 class=\"inv-contact-two-info-sub-info\">Andrew Draper, Clair Gwilliam<\/h6>\n<\/div>\n<p>[\/vc_column_text][vc_empty_space height=&#8221;30px&#8221;][\/vc_column_inner][\/vc_row_inner][\/vc_column][vc_column width=&#8221;1\/2&#8243; el_class=&#8221;contact-form-main&#8221;][vc_empty_space height=&#8221;50px&#8221;]\n<div class=\"wpcf7 no-js\" id=\"wpcf7-f13218-o1\" lang=\"en-US\" dir=\"ltr\">\n<div class=\"screen-reader-response\"><p role=\"status\" aria-live=\"polite\" aria-atomic=\"true\"><\/p> <ul><\/ul><\/div>\n<form action=\"\/de\/wp-json\/wp\/v2\/pages\/13156#wpcf7-f13218-o1\" method=\"post\" class=\"wpcf7-form init\" aria-label=\"Contact form\" novalidate=\"novalidate\" data-status=\"init\">\n<div style=\"display: none;\">\n<input type=\"hidden\" name=\"_wpcf7\" value=\"13218\" \/>\n<input type=\"hidden\" name=\"_wpcf7_version\" value=\"5.8\" \/>\n<input type=\"hidden\" name=\"_wpcf7_locale\" value=\"en_US\" \/>\n<input type=\"hidden\" name=\"_wpcf7_unit_tag\" value=\"wpcf7-f13218-o1\" \/>\n<input type=\"hidden\" name=\"_wpcf7_container_post\" value=\"0\" \/>\n<input type=\"hidden\" name=\"_wpcf7_posted_data_hash\" value=\"\" \/>\n<\/div>\n<div class=\"inv-contact-form-wrapper\">\n\t<div class=\"inv-contact-form-inner col-md-12 col-sm-12 col-xs-12\">\n\t\t<p><span class=\"wpcf7-form-control-wrap\" data-name=\"fname\"><input size=\"40\" class=\"wpcf7-form-control wpcf7-text inv-contact-field-inner\" aria-invalid=\"false\" placeholder=\"Name\" value=\"\" type=\"text\" name=\"fname\" \/><\/span>\n\t\t<\/p>\n\t<\/div>\n\t<div class=\"inv-contact-form-inner col-md-12 col-sm-12 col-xs-12\">\n\t\t<p><span class=\"wpcf7-form-control-wrap\" data-name=\"phone\"><input size=\"40\" class=\"wpcf7-form-control wpcf7-text inv-contact-field-inner\" aria-invalid=\"false\" placeholder=\"Telefon\" value=\"\" type=\"text\" name=\"phone\" \/><\/span>\n\t\t<\/p>\n\t<\/div>\n\t<div class=\"inv-contact-form-inner col-md-12 col-sm-12 col-xs-12\">\n\t\t<p><span class=\"wpcf7-form-control-wrap\" data-name=\"email\"><input size=\"40\" class=\"wpcf7-form-control wpcf7-email wpcf7-validates-as-required wpcf7-text wpcf7-validates-as-email inv-contact-field-inner\" aria-required=\"true\" aria-invalid=\"false\" placeholder=\"E-Mail-Adresse\" value=\"\" type=\"email\" name=\"email\" \/><\/span>\n\t\t<\/p>\n\t<\/div>\n\t<div class=\"inv-contact-form-inner col-md-12 col-sm-12 col-xs-12\">\n\t\t<p><span class=\"wpcf7-form-control-wrap\" data-name=\"message\"><textarea cols=\"40\" rows=\"4\" class=\"wpcf7-form-control wpcf7-textarea inv-contact-field-inner\" aria-invalid=\"false\" placeholder=\"Weitere Informationen\" name=\"message\"><\/textarea><\/span>\n\t\t<\/p>\n\t<\/div>\n\t<div class=\"inv-contact-form-inner col-md-12 col-sm-12 col-xs-12\">\n\t\t<p><span class=\"wpcf7-form-control-wrap kc_captcha\" data-name=\"kc_captcha\"><span class=\"wpcf7-form-control wpcf7-radio\"><span class=\"captcha-image\" ><span class=\"cf7ic_instructions\">Bitte beweisen Sie, dass Sie ein Mensch sind und w\u00e4hlen Sie<span> das Auto<\/span> aus.<\/span><label><input aria-label=\"1\" type=\"radio\" name=\"kc_captcha\" value=\"kc_human\" \/><svg aria-hidden=\"true\" role=\"img\" xmlns=\"http:\/\/www.w3.org\/2000\/svg\" viewBox=\"0 0 512 512\"><path fill=\"currentColor\" d=\"M500 168h-55l-8-21a127 127 0 00-120-83H195a127 127 0 00-120 83l-8 21H12c-8 0-14 8-11 16l8 24a12 12 0 0011 8h29a64 64 0 00-33 56v48c0 16 6 31 16 42v62c0 13 11 24 24 24h48c13 0 24-11 24-24v-40h256v40c0 13 11 24 24 24h48c13 0 24-11 24-24v-62c10-11 16-26 16-42v-48c0-24-13-45-33-56h29a12 12 0 0011-8l8-24c3-8-3-16-11-16zm-365 2c9-25 33-42 60-42h122c27 0 51 17 60 42l15 38H120l15-38zM88 328a32 32 0 010-64c18 0 48 30 48 48s-30 16-48 16zm336 0c-18 0-48 2-48-16s30-48 48-48 32 14 32 32-14 32-32 32z\"\/><\/svg><\/label><label><input aria-label=\"2\" type=\"radio\" name=\"kc_captcha\" value=\"bot\" \/><svg aria-hidden=\"true\" role=\"img\" xmlns=\"http:\/\/www.w3.org\/2000\/svg\" viewBox=\"0 0 512 512\"><path fill=\"currentColor\" d=\"M512 176a176 176 0 01-209 173l-24 27a24 24 0 01-18 8h-37v40c0 13-11 24-24 24h-40v40c0 13-11 24-24 24H24c-13 0-24-11-24-24v-78c0-6 3-13 7-17l162-162a176 176 0 11343-55zm-176-48a48 48 0 1096 0 48 48 0 00-96 0z\"\/><\/svg><\/label><label><input aria-label=\"3\" type=\"radio\" name=\"kc_captcha\" value=\"bot\" \/><svg aria-hidden=\"true\" role=\"img\" xmlns=\"http:\/\/www.w3.org\/2000\/svg\" viewBox=\"0 0 576 512\"><path fill=\"currentColor\" d=\"M472 200H360L256 6a12 12 0 00-10-6h-58c-8 0-14 7-12 15l34 185H100l-35-58a12 12 0 00-10-6H12c-8 0-13 7-12 14l21 106L0 362c-1 7 4 14 12 14h43c4 0 8-2 10-6l35-58h110l-34 185c-2 8 4 15 12 15h58a12 12 0 0010-6l104-194h112c57 0 104-25 104-56s-47-56-104-56z\"\/><\/svg><\/label>\r\n    <\/span>\r\n    <span style=\"display:none\">\r\n        <input type=\"text\" name=\"kc_honeypot\">\r\n    <\/span><\/span><\/span>\n\t\t<\/p>\n\t<\/div>\n\t<div class=\"inv-contact-form-btn col-md-12 col-sm-12 col-xs-12\">\n\t\t<p><input class=\"wpcf7-form-control wpcf7-submit has-spinner insignia-button\" type=\"submit\" value=\"Absenden\" \/>\n\t\t<\/p>\n\t<\/div>\n<\/div><div class=\"wpcf7-response-output\" aria-hidden=\"true\"><\/div>\n<\/form>\n<\/div>\n[vc_empty_space height=&#8221;50px&#8221;][\/vc_column][\/vc_row][vc_row full_width=&#8221;stretch_row_content_no_spaces&#8221;][vc_column][vc_single_image img_size=&#8221;full&#8221; css=&#8221;.vc_custom_1610406203515{margin-bottom: 0px !important;}&#8221;][\/vc_column][\/vc_row]<\/p>\n","protected":false},"excerpt":{"rendered":"<p>[vc_row full_width=&#8221;stretch_row&#8221;][vc_column][vc_empty_space height=&#8221;20px&#8221;][vc_row_inner][vc_column_inner width=&#8221;1\/6&#8243;][\/vc_column_inner][vc_column_inner width=&#8221;2\/3&#8243;][vc_column_text] Von Seefahrts\u00fcbersetzungen bis hin zu detaillierten Analysen Ihres Zielmarktes \u2013 teilen Sie uns Ihre Anforderungen mit und wir helfen Ihnen gerne weiter. [\/vc_column_text][\/vc_column_inner][vc_column_inner width=&#8221;1\/6&#8243;][\/vc_column_inner][\/vc_row_inner][\/vc_column][\/vc_row][vc_row full_width=&#8221;stretch_row&#8221;][vc_column width=&#8221;1\/2&#8243;][vc_empty_space height=&#8221;30px&#8221;][vc_row_inner][vc_column_inner][vc_column_text] E-Mail-Adresse: hello@nordicinternational.co.uk [\/vc_column_text][vc_column_text] Tel: +44 (0)2921 287330 [\/vc_column_text][\/vc_column_inner][\/vc_row_inner][vc_row_inner][vc_column_inner][vc_column_text] Hauptniederlassung: Nordic International Ltd Rahere Lodge 45 Cambrian Avenue Gilfach Goch Porth CF39 8TF Wales, [&hellip;]<\/p>\n","protected":false},"author":3,"featured_media":0,"parent":0,"menu_order":0,"comment_status":"closed","ping_status":"closed","template":"","meta":[],"_links":{"self":[{"href":"https:\/\/nordicinternational.co.uk\/de\/wp-json\/wp\/v2\/pages\/13156"}],"collection":[{"href":"https:\/\/nordicinternational.co.uk\/de\/wp-json\/wp\/v2\/pages"}],"about":[{"href":"https:\/\/nordicinternational.co.uk\/de\/wp-json\/wp\/v2\/types\/page"}],"author":[{"embeddable":true,"href":"https:\/\/nordicinternational.co.uk\/de\/wp-json\/wp\/v2\/users\/3"}],"replies":[{"embeddable":true,"href":"https:\/\/nordicinternational.co.uk\/de\/wp-json\/wp\/v2\/comments?post=13156"}],"version-history":[{"count":0,"href":"https:\/\/nordicinternational.co.uk\/de\/wp-json\/wp\/v2\/pages\/13156\/revisions"}],"wp:attachment":[{"href":"https:\/\/nordicinternational.co.uk\/de\/wp-json\/wp\/v2\/media?parent=13156"}],"curies":[{"name":"wp","href":"https:\/\/api.w.org\/{rel}","templated":true}]}}