{"id":13162,"date":"2017-10-07T05:45:59","date_gmt":"2017-10-07T05:45:59","guid":{"rendered":"https:\/\/nordicinternational.co.uk\/translation-services\/"},"modified":"2018-10-15T09:25:24","modified_gmt":"2018-10-15T09:25:24","slug":"uebersetzungen","status":"publish","type":"page","link":"https:\/\/nordicinternational.co.uk\/de\/uebersetzungen\/","title":{"rendered":"\u00dcbersetzungen"},"content":{"rendered":"<p>[vc_row full_width=&#8221;stretch_row&#8221; css=&#8221;.vc_custom_1528817898432{background-color: #ffffff !important;background-position: center !important;background-repeat: no-repeat !important;background-size: cover !important;}&#8221;][vc_column]<div id=\"ins-heading-69f54e9561539\" class=\"inv-section-heading-wrapper text-center position-relative  \"><div class=\"inv-section-heading-title padding-15px-bottom\"><h2 style=\"color: #2a4a73\"  class=\"ins-section-heading-title-inner no-margin text-uppercase font-weight-300\">Spezialisierte \u00dcbersetzungsagentur in Gro\u00dfbritannien mit erfahrenen Fachleuten, die Ihre neue Zielgruppe bestens kennen<\/h2><\/div><\/div>[vc_empty_space height=&#8221;40px&#8221;][vc_row_inner equal_height=&#8221;yes&#8221; content_placement=&#8221;middle&#8221;][vc_column_inner width=&#8221;1\/2&#8243;][vc_column_text]<\/p>\n<p style=\"color: #2a4a73; text-align: left;\">Unsere \u00dcbersetzungsagentur in Gro\u00dfbritannien bietet \u00fcber 25 Jahre Erfahrung und einen Pool von erfahrenen \u00dcbersetzern, die Ihre Branche bestens kennen.<\/p>\n<p style=\"color: #2a4a73; text-align: left;\">Wir w\u00e4hlen f\u00fcr jedes Projekt einen qualifizierten freiberuflichen \u00dcbersetzer mit ausgezeichneter Kenntnis Ihres Gebiets aus, was bei der Kl\u00e4rung von Terminologie Zeit und Geld spart.<br \/>\nModernste Technologie und sprachliche \u00dcberpr\u00fcfung durch einen zweiten Linguisten garantieren Qualit\u00e4t und Konsistenz. F\u00fcr alle F\u00e4lle sind wir zudem durch eine Berufshaftpflichtversicherung abgesichert.<\/p>\n<p>[\/vc_column_text]<div id='inv-button-69f54e9561584' class='inv-button-wrapper inv-button-1-wrapper text-left inv-button-medium '><div class='inv-button-inner inv-button-1-inner'><a class='inv-button-content inv-button-1-content' href='https:\/\/nordicinternational.co.uk\/de\/kontakt\/' target=''>Angebot anfordern<\/a><\/div><\/div><script type=\"text\/javascript\">\r\n\t\t(function(jQuery) {jQuery(\"head\").append(\"<style>#inv-button-69f54e9561584 .inv-button-content, #inv-button-69f54e9561584 .inv-button-4-icon, #inv-button-69f54e9561584 span.inv-button-6-text {color: #2a4a73;}#inv-button-69f54e9561584 .inv-button-content, #inv-button-69f54e9561584 span.inv-button-6-text, #inv-button-69f54e9561584 .inv-button-6-content:before {border-color: #e64933;}#inv-button-69f54e9561584 .inv-button-content, #inv-button-69f54e9561584 span.inv-button-6-text, #inv-button-69f54e9561584 .inv-button-6-content:before {border-width: 2px;}#inv-button-69f54e9561584 .inv-button-content {border-radius: 21px;}#inv-button-69f54e9561584 .inv-button-content:hover, #inv-button-69f54e9561584.inv-button-4-inner:hover .inv-button-4-icon, #inv-button-69f54e9561584.inv-button-5-content:hover .inv-button-5-text,  #inv-button-69f54e9561584 .inv-button-6-content:hover span.inv-button-6-text, #inv-button-69f54e9561584.inv-button-4-content:hover .inv-button-4-icon {color: #ffffff;}#inv-button-69f54e9561584 .inv-button-content:hover, #inv-button-69f54e9561584 .inv-button-5-content:hover::after, #inv-button-69f54e9561584inv-button-6-content:hover span.inv-button-6-text, #inv-button-69f54e9561584 .inv-button-7-content:hover::before, #inv-button-69f54e9561584 .inv-button-7-content:hover::before {background-color: #e64933;}#inv-button-69f54e9561584 .inv-button-content:hover,  #inv-button-69f54e9561584inv-button-6-content:hover span.inv-button-6-text,  #inv-button-69f54e9561584inv-button-6-content:hover::before {border-color: #e64933;}<\/style>\")\r\n\t\t\t\t\t})(jQuery);\r\n\t\t\t\t\t\t<\/script>[vc_empty_space height=&#8221;40px&#8221;]<div id=\"ins-heading-69f54e95615b2\" class=\"inv-section-heading-wrapper text-left position-relative  \"><div class=\"inv-section-heading-title padding-15px-bottom\"><h3 style=\"color: #2a4a73\"  class=\"ins-section-heading-title-inner no-margin text-uppercase font-weight-300\">Sprachen<\/h3><\/div><\/div>[vc_column_text]<\/p>\n<p style=\"color: #2a4a73; text-align: left;\">Nordische Sprachen: D\u00e4nisch, Schwedisch, Norwegisch (Bokm\u00e5l oder Nynorsk), Finnisch, Isl\u00e4ndisch, Altisl\u00e4ndisch, Minderheitensprachen in Schweden (Finnisch, Jiddisch, Romani, Nordsamisch\/S\u00fcdsamisch, Me\u00e4nkeli)<\/p>\n<p style=\"color: #2a4a73; text-align: left;\">Europ\u00e4ische Sprachen: Englisch, Deutsch, Franz\u00f6sisch, Italienisch, Spanisch, Niederl\u00e4ndisch, Lettisch, Litauisch, Polnisch, Russisch, Estnisch, Schweizer Hochdeutsch<\/p>\n<p>[\/vc_column_text][\/vc_column_inner][vc_column_inner width=&#8221;1\/2&#8243;][vc_single_image image=&#8221;13026&#8243; img_size=&#8221;full&#8221; css=&#8221;.vc_custom_1530626374289{padding-right: 60px !important;padding-left: 60px !important;}&#8221;][\/vc_column_inner][\/vc_row_inner][vc_empty_space height=&#8221;80px&#8221;][\/vc_column][\/vc_row][vc_row full_width=&#8221;stretch_row&#8221; css=&#8221;.vc_custom_1528818946205{background-color: #2a4a73 !important;background-position: center !important;background-repeat: no-repeat !important;background-size: cover !important;}&#8221;][vc_column][vc_empty_space height=&#8221;40px&#8221;][vc_row_inner][vc_column_inner width=&#8221;1\/4&#8243;][\/vc_column_inner][vc_column_inner width=&#8221;1\/2&#8243;]<div id=\"ins-heading-69f54e95615d5\" class=\"inv-section-heading-wrapper text-center position-relative  \"><div class=\"inv-section-heading-title padding-15px-bottom\"><h2 style=\"color: #f5f5f5\"  class=\"ins-section-heading-title-inner no-margin text-uppercase font-weight-300\">Zu unseren Fachgebieten geh\u00f6ren:<\/h2><\/div><\/div>[vc_empty_space height=&#8221;40px&#8221;][\/vc_column_inner][vc_column_inner width=&#8221;1\/4&#8243;][\/vc_column_inner][\/vc_row_inner][vc_row_inner][vc_column_inner width=&#8221;1\/3&#8243;]<div id='ins-icon-69f54e9561621' class='ins-icon-wrapper margin-20px-bottom   text-center  '><div class='ins-icon-box-icon margin-20px-bottom ins-top-icon-basic icon-extra-large'><i class='fa fa-ship'><\/i><\/div><div class='ins-icon-box-content'><div class='ins-icon-box-title title-font margin-10px-bottom sm-margin-5px-bottom text-extra-large font-weight-300 letter-spacing-0.5'>Schiff-\/Seefahrt<\/div><\/div><\/div><script type=\"text\/javascript\">\r\n\t\t(function(jQuery) {jQuery(\"head\").append(\"<style>#ins-icon-69f54e9561621 .ins-icon-box-icon i, #ins-icon-69f54e9561621 .ins-float-icon-inner i, #ins-icon-69f54e9561621 .ins-float-right-icon-inner i {color: #f5f5f5;}#ins-icon-69f54e9561621 .ins-icon-box-title, #ins-icon-69f54e9561621 .ins-float-icon-box-title {color: #f5f5f5;}#ins-icon-69f54e9561621 .ins-icon-box-text, #ins-icon-69f54e9561621 .ins-float-icon-box-text {color: #f5f5f5;}<\/style>\")\r\n\t\t\t\t\t})(jQuery);\r\n\t\t\t\t\t\t<\/script>[\/vc_column_inner][vc_column_inner width=&#8221;1\/3&#8243;]<div id='ins-icon-69f54e956166d' class='ins-icon-wrapper margin-20px-bottom   text-center  '><div class='ins-icon-box-icon margin-20px-bottom ins-top-icon-basic icon-extra-large'><i class='fa fa-gavel'><\/i><\/div><div class='ins-icon-box-content'><div class='ins-icon-box-title title-font margin-10px-bottom sm-margin-5px-bottom text-extra-large font-weight-300 letter-spacing-0.5'>Rechtswesen<\/div><\/div><\/div><script type=\"text\/javascript\">\r\n\t\t(function(jQuery) {jQuery(\"head\").append(\"<style>#ins-icon-69f54e956166d .ins-icon-box-icon i, #ins-icon-69f54e956166d .ins-float-icon-inner i, #ins-icon-69f54e956166d .ins-float-right-icon-inner i {color: #f5f5f5;}#ins-icon-69f54e956166d .ins-icon-box-title, #ins-icon-69f54e956166d .ins-float-icon-box-title {color: #f5f5f5;}#ins-icon-69f54e956166d .ins-icon-box-text, #ins-icon-69f54e956166d .ins-float-icon-box-text {color: #f5f5f5;}<\/style>\")\r\n\t\t\t\t\t})(jQuery);\r\n\t\t\t\t\t\t<\/script>[\/vc_column_inner][vc_column_inner width=&#8221;1\/3&#8243;]<div id='ins-icon-69f54e95616a6' class='ins-icon-wrapper margin-20px-bottom   text-center  '><div class='ins-icon-box-icon margin-20px-bottom ins-top-icon-basic icon-extra-large'><i class='fa fa-briefcase'><\/i><\/div><div class='ins-icon-box-content'><div class='ins-icon-box-title title-font margin-10px-bottom sm-margin-5px-bottom text-extra-large font-weight-300 letter-spacing-0.5'>Wirtschaft <\/div><p class='ins-icon-box-text  default'>(Gesch\u00e4ftsberichte, Rundschreiben f\u00fcr Unternehmen, B\u00f6rsenmitteilungen, Pressemitteilungen)<\/p><\/div><\/div><script type=\"text\/javascript\">\r\n\t\t(function(jQuery) {jQuery(\"head\").append(\"<style>#ins-icon-69f54e95616a6 .ins-icon-box-icon i, #ins-icon-69f54e95616a6 .ins-float-icon-inner i, #ins-icon-69f54e95616a6 .ins-float-right-icon-inner i {color: #f5f5f5;}#ins-icon-69f54e95616a6 .ins-icon-box-title, #ins-icon-69f54e95616a6 .ins-float-icon-box-title {color: #f5f5f5;}#ins-icon-69f54e95616a6 .ins-icon-box-text, #ins-icon-69f54e95616a6 .ins-float-icon-box-text {color: #f5f5f5;}<\/style>\")\r\n\t\t\t\t\t})(jQuery);\r\n\t\t\t\t\t\t<\/script>[\/vc_column_inner][\/vc_row_inner][vc_empty_space height=&#8221;50px&#8221; el_class=&#8221;hide-mobile&#8221;][vc_row_inner][vc_column_inner width=&#8221;1\/3&#8243;]<div id='ins-icon-69f54e95616dd' class='ins-icon-wrapper margin-20px-bottom   text-center  '><div class='ins-icon-box-icon margin-20px-bottom ins-top-icon-basic icon-extra-large'><i class='fa fa-bullhorn'><\/i><\/div><div class='ins-icon-box-content'><div class='ins-icon-box-title title-font margin-10px-bottom sm-margin-5px-bottom text-extra-large font-weight-300 letter-spacing-0.5'>Marketing<\/div><\/div><\/div><script type=\"text\/javascript\">\r\n\t\t(function(jQuery) {jQuery(\"head\").append(\"<style>#ins-icon-69f54e95616dd .ins-icon-box-icon i, #ins-icon-69f54e95616dd .ins-float-icon-inner i, #ins-icon-69f54e95616dd .ins-float-right-icon-inner i {color: #f5f5f5;}#ins-icon-69f54e95616dd .ins-icon-box-title, #ins-icon-69f54e95616dd .ins-float-icon-box-title {color: #f5f5f5;}#ins-icon-69f54e95616dd .ins-icon-box-text, #ins-icon-69f54e95616dd .ins-float-icon-box-text {color: #f5f5f5;}<\/style>\")\r\n\t\t\t\t\t})(jQuery);\r\n\t\t\t\t\t\t<\/script>[\/vc_column_inner][vc_column_inner width=&#8221;1\/3&#8243;]<div id='ins-icon-69f54e956170c' class='ins-icon-wrapper margin-20px-bottom   text-center  '><div class='ins-icon-box-icon margin-20px-bottom ins-top-icon-basic icon-extra-large'><i class='fa fa-cogs'><\/i><\/div><div class='ins-icon-box-content'><div class='ins-icon-box-title title-font margin-10px-bottom sm-margin-5px-bottom text-extra-large font-weight-300 letter-spacing-0.5'>Technische Handb\u00fccher und Bedienungsanleitungen<\/div><\/div><\/div><script type=\"text\/javascript\">\r\n\t\t(function(jQuery) {jQuery(\"head\").append(\"<style>#ins-icon-69f54e956170c .ins-icon-box-icon i, #ins-icon-69f54e956170c .ins-float-icon-inner i, #ins-icon-69f54e956170c .ins-float-right-icon-inner i {color: #f5f5f5;}#ins-icon-69f54e956170c .ins-icon-box-title, #ins-icon-69f54e956170c .ins-float-icon-box-title {color: #f5f5f5;}#ins-icon-69f54e956170c .ins-icon-box-text, #ins-icon-69f54e956170c .ins-float-icon-box-text {color: #f5f5f5;}<\/style>\")\r\n\t\t\t\t\t})(jQuery);\r\n\t\t\t\t\t\t<\/script>[\/vc_column_inner][vc_column_inner width=&#8221;1\/3&#8243;]<div id='ins-icon-69f54e9561739' class='ins-icon-wrapper margin-20px-bottom   text-center  '><div class='ins-icon-box-icon margin-20px-bottom ins-top-icon-basic icon-extra-large'><i class='fa fa-money'><\/i><\/div><div class='ins-icon-box-content'><div class='ins-icon-box-title title-font margin-10px-bottom sm-margin-5px-bottom text-extra-large font-weight-300 letter-spacing-0.5'>Finanzwesen, einschlie\u00dflich Hedge-Fonds<\/div><\/div><\/div><script type=\"text\/javascript\">\r\n\t\t(function(jQuery) {jQuery(\"head\").append(\"<style>#ins-icon-69f54e9561739 .ins-icon-box-icon i, #ins-icon-69f54e9561739 .ins-float-icon-inner i, #ins-icon-69f54e9561739 .ins-float-right-icon-inner i {color: #f5f5f5;}#ins-icon-69f54e9561739 .ins-icon-box-title, #ins-icon-69f54e9561739 .ins-float-icon-box-title {color: #f5f5f5;}#ins-icon-69f54e9561739 .ins-icon-box-text, #ins-icon-69f54e9561739 .ins-float-icon-box-text {color: #f5f5f5;}<\/style>\")\r\n\t\t\t\t\t})(jQuery);\r\n\t\t\t\t\t\t<\/script>[\/vc_column_inner][\/vc_row_inner][vc_empty_space height=&#8221;80px&#8221;][\/vc_column][\/vc_row][vc_row full_width=&#8221;stretch_row&#8221; css=&#8221;.vc_custom_1528817898432{background-color: #ffffff !important;background-position: center !important;background-repeat: no-repeat !important;background-size: cover !important;}&#8221;][vc_column][vc_empty_space height=&#8221;40px&#8221;][vc_row_inner equal_height=&#8221;yes&#8221; content_placement=&#8221;middle&#8221;][vc_column_inner width=&#8221;1\/2&#8243;]<div id=\"ins-heading-69f54e956175c\" class=\"inv-section-heading-wrapper text-left position-relative  \"><div class=\"inv-section-heading-title padding-15px-bottom\"><h2 style=\"color: #2a4a73\"  class=\"ins-section-heading-title-inner no-margin text-uppercase font-weight-300\">\u00dcbersetzungen f\u00fcr Schiff- und Seefahrt<\/h2><\/div><\/div>[vc_column_text]<\/p>\n<p style=\"color: #2a4a73; text-align: left;\">Unsere \u00dcbersetzungsagentur in Gro\u00dfbritannien erstellt seit \u00fcber 25 Jahren erstklassige skandinavische \u00dcbersetzungen f\u00fcr die Schifffahrts- und Seefahrtsbranche. Dieser Sektor ist inzwischen eines unserer wichtigsten Fachgebiete. Mit unserem starken Team k\u00f6nnen wir Ihr Projekt vom Anfang bis zum Ende durchf\u00fchren und Themen von Tarifabkommen bis hin zur Dokumentation f\u00fcr Schifffahrtsregister abdecken. Unter anderem haben wir mit DFDS und Nautilus International zusammengearbeitet, um die Positionen dieser Organisationen in der Branche zu etablieren und zu st\u00e4rken. Unser Angebot reicht hierbei von der Auswahl eines einzelnen, fest zugeordneten Freiberuflers f\u00fcr ein bestimmtes Projekt bis hin zur Bildung von spezialisierten Teams, die schnelle Bearbeitungszeiten erm\u00f6glichen.<\/p>\n<p>[\/vc_column_text]<div id='inv-button-69f54e9561784' class='inv-button-wrapper inv-button-1-wrapper text-left inv-button-medium '><div class='inv-button-inner inv-button-1-inner'><a class='inv-button-content inv-button-1-content' href='https:\/\/nordicinternational.co.uk\/de\/fallbeispiele\/' target=''>Hier erfahren Sie, warum diese Unternehmen so gerne mit uns zusammenarbeiten. <\/a><\/div><\/div><script type=\"text\/javascript\">\r\n\t\t(function(jQuery) {jQuery(\"head\").append(\"<style>#inv-button-69f54e9561784 .inv-button-content, #inv-button-69f54e9561784 .inv-button-4-icon, #inv-button-69f54e9561784 span.inv-button-6-text {color: #2a4a73;}#inv-button-69f54e9561784 .inv-button-content, #inv-button-69f54e9561784 span.inv-button-6-text, #inv-button-69f54e9561784 .inv-button-6-content:before {border-color: #e64933;}#inv-button-69f54e9561784 .inv-button-content, #inv-button-69f54e9561784 span.inv-button-6-text, #inv-button-69f54e9561784 .inv-button-6-content:before {border-width: 2px;}#inv-button-69f54e9561784 .inv-button-content {border-radius: 21px;}#inv-button-69f54e9561784 .inv-button-content:hover, #inv-button-69f54e9561784.inv-button-4-inner:hover .inv-button-4-icon, #inv-button-69f54e9561784.inv-button-5-content:hover .inv-button-5-text,  #inv-button-69f54e9561784 .inv-button-6-content:hover span.inv-button-6-text, #inv-button-69f54e9561784.inv-button-4-content:hover .inv-button-4-icon {color: #ffffff;}#inv-button-69f54e9561784 .inv-button-content:hover, #inv-button-69f54e9561784 .inv-button-5-content:hover::after, #inv-button-69f54e9561784inv-button-6-content:hover span.inv-button-6-text, #inv-button-69f54e9561784 .inv-button-7-content:hover::before, #inv-button-69f54e9561784 .inv-button-7-content:hover::before {background-color: #e64933;}#inv-button-69f54e9561784 .inv-button-content:hover,  #inv-button-69f54e9561784inv-button-6-content:hover span.inv-button-6-text,  #inv-button-69f54e9561784inv-button-6-content:hover::before {border-color: #e64933;}<\/style>\")\r\n\t\t\t\t\t})(jQuery);\r\n\t\t\t\t\t\t<\/script>[\/vc_column_inner][vc_column_inner width=&#8221;1\/2&#8243;][vc_single_image image=&#8221;12819&#8243; img_size=&#8221;full&#8221; css=&#8221;.vc_custom_1528820553030{padding-right: 60px !important;padding-left: 60px !important;}&#8221;][\/vc_column_inner][\/vc_row_inner][vc_empty_space height=&#8221;80px&#8221;][\/vc_column][\/vc_row][vc_row full_width=&#8221;stretch_row&#8221; css=&#8221;.vc_custom_1528816443312{background-color: #2a4a73 !important;background-position: center !important;background-repeat: no-repeat !important;background-size: cover !important;}&#8221;][vc_column][vc_empty_space height=&#8221;60px&#8221;][vc_row_inner][vc_column_inner width=&#8221;1\/4&#8243;][\/vc_column_inner][vc_column_inner width=&#8221;1\/2&#8243;]<div id=\"ins-heading-69f54e95617a9\" class=\"inv-section-heading-wrapper text-center position-relative  \"><div class=\"inv-section-heading-title padding-15px-bottom\"><h2 style=\"color: #f5f5f5\"  class=\"ins-section-heading-title-inner no-margin text-uppercase font-weight-300\">Wir \u00fcbersetzen:<\/h2><\/div><\/div>[vc_empty_space height=&#8221;40px&#8221;][\/vc_column_inner][vc_column_inner width=&#8221;1\/4&#8243;][\/vc_column_inner][\/vc_row_inner][vc_row_inner equal_height=&#8221;yes&#8221; content_placement=&#8221;middle&#8221; gap=&#8221;20&#8243;][vc_column_inner width=&#8221;1\/3&#8243;]<div id='ins-list-icon-69f54e95617e3' class='ins-simple-icon-list margin-35px-bottom ins-icon-list-simple list-icon-medium list-icon-border  '><ul class='ins-simple-icon-list-inner list-style-none no-padding'><li class='ins-list-style margin-10px-bottom position-relative'><i class='ins-icon-list-icon margin-10px-right display-inline-block position-absolute left-0 fa fa-check'><\/i> Artikel<br \/><\/li><li class='ins-list-style margin-10px-bottom position-relative'><i class='ins-icon-list-icon margin-10px-right display-inline-block position-absolute left-0 fa fa-check'><\/i> Artikelzusammenfassungen<br \/><\/li><li class='ins-list-style margin-10px-bottom position-relative'><i class='ins-icon-list-icon margin-10px-right display-inline-block position-absolute left-0 fa fa-check'><\/i> Tarifabkommen<br \/><\/li><li class='ins-list-style margin-10px-bottom position-relative'><i class='ins-icon-list-icon margin-10px-right display-inline-block position-absolute left-0 fa fa-check'><\/i> Pressemitteilungen<\/li><\/ul><\/div><script type=\"text\/javascript\">\r\n\t\t(function(jQuery) {jQuery(\"head\").append(\"<style>#ins-list-icon-69f54e95617e3 .ins-list-style .ins-icon-list-icon{color: #ffffff;}#ins-list-icon-69f54e95617e3 .ins-list-style{color: #ffffff;}<\/style>\")\r\n\t\t\t\t\t})(jQuery);\r\n\t\t\t\t\t\t<\/script>[\/vc_column_inner][vc_column_inner width=&#8221;1\/3&#8243;]<div id='ins-list-icon-69f54e956180c' class='ins-simple-icon-list margin-35px-bottom ins-icon-list-simple list-icon-medium list-icon-border  '><ul class='ins-simple-icon-list-inner list-style-none no-padding'><li class='ins-list-style margin-10px-bottom position-relative'><i class='ins-icon-list-icon margin-10px-right display-inline-block position-absolute left-0 fa fa-check'><\/i> Vertr\u00e4ge<br \/><\/li><li class='ins-list-style margin-10px-bottom position-relative'><i class='ins-icon-list-icon margin-10px-right display-inline-block position-absolute left-0 fa fa-check'><\/i> Berichte<br \/><\/li><li class='ins-list-style margin-10px-bottom position-relative'><i class='ins-icon-list-icon margin-10px-right display-inline-block position-absolute left-0 fa fa-check'><\/i> Rundschreiben<br \/><\/li><li class='ins-list-style margin-10px-bottom position-relative'><i class='ins-icon-list-icon margin-10px-right display-inline-block position-absolute left-0 fa fa-check'><\/i> Handb\u00fccher<\/li><\/ul><\/div><script type=\"text\/javascript\">\r\n\t\t(function(jQuery) {jQuery(\"head\").append(\"<style>#ins-list-icon-69f54e956180c .ins-list-style .ins-icon-list-icon{color: #ffffff;}#ins-list-icon-69f54e956180c .ins-list-style{color: #ffffff;}<\/style>\")\r\n\t\t\t\t\t})(jQuery);\r\n\t\t\t\t\t\t<\/script>[\/vc_column_inner][vc_column_inner width=&#8221;1\/3&#8243;]<div id='ins-list-icon-69f54e9561830' class='ins-simple-icon-list margin-35px-bottom ins-icon-list-simple list-icon-medium list-icon-border  '><ul class='ins-simple-icon-list-inner list-style-none no-padding'><li class='ins-list-style margin-10px-bottom position-relative'><i class='ins-icon-list-icon margin-10px-right display-inline-block position-absolute left-0 fa fa-check'><\/i> Bedienungsanleitungen<br \/><\/li><li class='ins-list-style margin-10px-bottom position-relative'><i class='ins-icon-list-icon margin-10px-right display-inline-block position-absolute left-0 fa fa-check'><\/i> Dokumentation f\u00fcr Schifffahrtsregister<br \/><\/li><li class='ins-list-style margin-10px-bottom position-relative'><i class='ins-icon-list-icon margin-10px-right display-inline-block position-absolute left-0 fa fa-check'><\/i> Dokumentation f\u00fcr Gewerkschaften<br \/><\/li><li class='ins-list-style margin-10px-bottom position-relative'><i class='ins-icon-list-icon margin-10px-right display-inline-block position-absolute left-0 fa fa-check'><\/i> Gesch\u00e4ftskommunikation<\/li><\/ul><\/div><script type=\"text\/javascript\">\r\n\t\t(function(jQuery) {jQuery(\"head\").append(\"<style>#ins-list-icon-69f54e9561830 .ins-list-style .ins-icon-list-icon{color: #ffffff;}#ins-list-icon-69f54e9561830 .ins-list-style{color: #ffffff;}<\/style>\")\r\n\t\t\t\t\t})(jQuery);\r\n\t\t\t\t\t\t<\/script>[\/vc_column_inner][\/vc_row_inner][vc_empty_space height=&#8221;80px&#8221;][\/vc_column][\/vc_row][vc_row full_width=&#8221;stretch_row&#8221; css=&#8221;.vc_custom_1532335495127{background-image: url(https:\/\/nordicinternational.co.uk\/wordpress\/wp-content\/uploads\/2018\/07\/nick-karvounis-477113-unsplash-1-1.jpg?id=13075) !important;background-position: center !important;background-repeat: no-repeat !important;background-size: cover !important;}&#8221;][vc_column][vc_empty_space height=&#8221;60px&#8221;]<div id=\"ins-heading-69f54e9561853\" class=\"inv-section-heading-wrapper text-center position-relative  \"><div class=\"inv-section-heading-title padding-15px-bottom\"><h2 style=\"color: #ffffff\"  class=\"ins-section-heading-title-inner no-margin text-uppercase font-weight-300\">Angebote<\/h2><\/div><\/div>[vc_empty_space height=&#8221;40px&#8221;][vc_row_inner equal_height=&#8221;yes&#8221; content_placement=&#8221;top&#8221; gap=&#8221;30&#8243;][vc_column_inner width=&#8221;1\/2&#8243; css=&#8221;.vc_custom_1532335561564{padding-top: 30px !important;padding-right: 30px !important;padding-bottom: 30px !important;padding-left: 30px !important;background-color: #2cb1df !important;}&#8221;]<div id=\"ins-heading-69f54e9561870\" class=\"inv-section-heading-wrapper text-left position-relative  \"><div class=\"inv-section-heading-title padding-15px-bottom\"><h3 style=\"color: #ffffff\"  class=\"ins-section-heading-title-inner no-margin text-uppercase font-weight-300\">\u00dcbersetzungen<\/h3><\/div><\/div>[vc_column_text]<\/p>\n<p style=\"color: #fff;\">Unser \u00dcbersetzungsangebot bietet Ihnen den professionellen Service eines freiberuflichen \u00dcbersetzungsexperten, eine sorgf\u00e4ltige \u00dcberpr\u00fcfung durch einen zweiten Linguisten sowie modernste Technologie f\u00fcr maximale Konsistenz in der gesamten Kommunikation. Wir sind Spezialisten f\u00fcr Rechts-, Wirtschafts- und Schifffahrts\u00fcbersetzungen f\u00fcr nordische L\u00e4nder mit \u00fcber 25 Jahren Erfahrung.<\/p>\n<p>[\/vc_column_text][\/vc_column_inner][vc_column_inner width=&#8221;1\/2&#8243; css=&#8221;.vc_custom_1532335581840{padding-top: 30px !important;padding-right: 30px !important;padding-bottom: 30px !important;padding-left: 30px !important;background-color: #2cb1df !important;}&#8221;]<div id=\"ins-heading-69f54e956188b\" class=\"inv-section-heading-wrapper text-left position-relative  \"><div class=\"inv-section-heading-title padding-15px-bottom\"><h3 style=\"color: #ffffff\"  class=\"ins-section-heading-title-inner no-margin text-uppercase font-weight-300\">Express\u00fcbersetzungen<\/h3><\/div><\/div>[vc_column_text]<\/p>\n<p style=\"color: #fff;\">Muss es schnell gehen? Mit einer Expressanfrage wird Ihr Auftrag mit h\u00f6chster Priorit\u00e4t bearbeitet und wir finden einen qualifizierten freiberuflichen \u00dcbersetzer mit einschl\u00e4giger Erfahrung, damit Ihre Dateien so schnell wie m\u00f6glich \u00fcbersetzt und lektoriert werden k\u00f6nnen.<\/p>\n<p>[\/vc_column_text][\/vc_column_inner][\/vc_row_inner][vc_empty_space height=&#8221;80px&#8221;][\/vc_column][\/vc_row]<\/p>\n","protected":false},"excerpt":{"rendered":"<p>[vc_row full_width=&#8221;stretch_row&#8221; css=&#8221;.vc_custom_1528817898432{background-color: #ffffff !important;background-position: center !important;background-repeat: no-repeat !important;background-size: cover !important;}&#8221;][vc_column][vc_empty_space height=&#8221;40px&#8221;][vc_row_inner equal_height=&#8221;yes&#8221; content_placement=&#8221;middle&#8221;][vc_column_inner width=&#8221;1\/2&#8243;][vc_column_text] Unsere \u00dcbersetzungsagentur in Gro\u00dfbritannien bietet \u00fcber 25 Jahre Erfahrung und einen Pool von erfahrenen \u00dcbersetzern, die Ihre Branche bestens kennen. Wir w\u00e4hlen f\u00fcr jedes Projekt einen qualifizierten freiberuflichen \u00dcbersetzer mit ausgezeichneter Kenntnis Ihres Gebiets aus, was bei der Kl\u00e4rung von [&hellip;]<\/p>\n","protected":false},"author":3,"featured_media":0,"parent":0,"menu_order":0,"comment_status":"closed","ping_status":"closed","template":"","meta":[],"_links":{"self":[{"href":"https:\/\/nordicinternational.co.uk\/de\/wp-json\/wp\/v2\/pages\/13162"}],"collection":[{"href":"https:\/\/nordicinternational.co.uk\/de\/wp-json\/wp\/v2\/pages"}],"about":[{"href":"https:\/\/nordicinternational.co.uk\/de\/wp-json\/wp\/v2\/types\/page"}],"author":[{"embeddable":true,"href":"https:\/\/nordicinternational.co.uk\/de\/wp-json\/wp\/v2\/users\/3"}],"replies":[{"embeddable":true,"href":"https:\/\/nordicinternational.co.uk\/de\/wp-json\/wp\/v2\/comments?post=13162"}],"version-history":[{"count":0,"href":"https:\/\/nordicinternational.co.uk\/de\/wp-json\/wp\/v2\/pages\/13162\/revisions"}],"wp:attachment":[{"href":"https:\/\/nordicinternational.co.uk\/de\/wp-json\/wp\/v2\/media?parent=13162"}],"curies":[{"name":"wp","href":"https:\/\/api.w.org\/{rel}","templated":true}]}}