{"id":13166,"date":"2018-06-13T09:58:50","date_gmt":"2018-06-13T09:58:50","guid":{"rendered":"https:\/\/nordicinternational.co.uk\/meet-the-team\/"},"modified":"2018-09-18T18:11:20","modified_gmt":"2018-09-18T18:11:20","slug":"team","status":"publish","type":"page","link":"https:\/\/nordicinternational.co.uk\/de\/team\/","title":{"rendered":"Team"},"content":{"rendered":"<p>[vc_row full_width=&#8221;stretch_row&#8221; css=&#8221;.vc_custom_1528837171971{background-color: #ffffff !important;background-position: center !important;background-repeat: no-repeat !important;background-size: cover !important;}&#8221;][vc_column]<div id=\"ins-heading-69f7042c4a2c8\" class=\"inv-section-heading-wrapper text-center position-relative  \"><div class=\"inv-section-heading-title padding-15px-bottom\"><h2 style=\"color: #2a4a73\"  class=\"ins-section-heading-title-inner no-margin text-uppercase font-weight-300\">AGENTUR F\u00dcR FINANZ\u00dcBERSETZUNGEN MIT ERFAHRENEN \u00dcBERSETZERN UND MEHRSPRACHIGEN JOURNALISTEN UND SCHWERPUNKT AUF DER SCHIFFFAHRTSBRANCHE<\/h2><\/div><\/div>[vc_empty_space height=&#8221;40px&#8221;][vc_column_text]<\/p>\n<p style=\"text-align: center; color: #2a4a73;\">Unsere erfahrene Agentur f\u00fcr Finanz\u00fcbersetzungen bietet Schifffahrts- und Seefahrtsunternehmen erstklassige skandinavische \u00dcbersetzungen, scharfsichtigen Gesch\u00e4ftsjournalismus und fundierte Business Intelligence f\u00fcr eine klare Kommunikation. Unser Angebot reicht von Wirtschaftsjournalismus bis hin zur Bereitstellung eines festen schwedischen \u00dcbersetzers f\u00fcr Sie. Dabei k\u00f6nnen wir auf \u00fcber 25 Jahre Erfahrung zur\u00fcckgreifen und so den h\u00f6chsten Anforderungen gerecht werden.<\/p>\n<p>[\/vc_column_text]<div id='inv-button-69f7042c4a31d' class='inv-button-wrapper inv-button-1-wrapper text-center inv-button-medium '><div class='inv-button-inner inv-button-1-inner'><a class='inv-button-content inv-button-1-content' href='https:\/\/nordicinternational.co.uk\/de\/kontakt\/' target=''>Kontakt<\/a><\/div><\/div><script type=\"text\/javascript\">\r\n\t\t(function(jQuery) {jQuery(\"head\").append(\"<style>#inv-button-69f7042c4a31d .inv-button-content, #inv-button-69f7042c4a31d .inv-button-4-icon, #inv-button-69f7042c4a31d span.inv-button-6-text {color: #2a4a73;}#inv-button-69f7042c4a31d .inv-button-content, #inv-button-69f7042c4a31d span.inv-button-6-text, #inv-button-69f7042c4a31d .inv-button-6-content:before {border-color: #e64933;}#inv-button-69f7042c4a31d .inv-button-content, #inv-button-69f7042c4a31d span.inv-button-6-text, #inv-button-69f7042c4a31d .inv-button-6-content:before {border-width: 2px;}#inv-button-69f7042c4a31d .inv-button-content {border-radius: 21px;}#inv-button-69f7042c4a31d .inv-button-content:hover, #inv-button-69f7042c4a31d.inv-button-4-inner:hover .inv-button-4-icon, #inv-button-69f7042c4a31d.inv-button-5-content:hover .inv-button-5-text,  #inv-button-69f7042c4a31d .inv-button-6-content:hover span.inv-button-6-text, #inv-button-69f7042c4a31d.inv-button-4-content:hover .inv-button-4-icon {color: #ffffff;}#inv-button-69f7042c4a31d .inv-button-content:hover, #inv-button-69f7042c4a31d .inv-button-5-content:hover::after, #inv-button-69f7042c4a31dinv-button-6-content:hover span.inv-button-6-text, #inv-button-69f7042c4a31d .inv-button-7-content:hover::before, #inv-button-69f7042c4a31d .inv-button-7-content:hover::before {background-color: #e64933;}#inv-button-69f7042c4a31d .inv-button-content:hover,  #inv-button-69f7042c4a31dinv-button-6-content:hover span.inv-button-6-text,  #inv-button-69f7042c4a31dinv-button-6-content:hover::before {border-color: #e64933;}<\/style>\")\r\n\t\t\t\t\t})(jQuery);\r\n\t\t\t\t\t\t<\/script>[vc_empty_space height=&#8221;80px&#8221;][\/vc_column][\/vc_row][vc_row full_width=&#8221;stretch_row&#8221; css=&#8221;.vc_custom_1528884223245{background-color: #f9f9f9 !important;background-position: center !important;background-repeat: no-repeat !important;background-size: cover !important;}&#8221;][vc_column][vc_empty_space height=&#8221;40px&#8221;]<div id=\"ins-heading-69f7042c4a350\" class=\"inv-section-heading-wrapper text-center position-relative  \"><div class=\"inv-section-heading-title padding-15px-bottom\"><h2 style=\"color: #2a4a73\"  class=\"ins-section-heading-title-inner no-margin text-uppercase font-weight-300\">Lernen Sie uns besser kennen.<\/h2><\/div><\/div>[vc_empty_space height=&#8221;40px&#8221;][vc_row_inner][vc_column_inner width=&#8221;1\/3&#8243;]<p class='insignia-error-text text-center'>No Team Member found.<\/p>[\/vc_column_inner][vc_column_inner width=&#8221;1\/3&#8243;]<p class='insignia-error-text text-center'>No Team Member found.<\/p>[\/vc_column_inner][vc_column_inner width=&#8221;1\/3&#8243;]<p class='insignia-error-text text-center'>No Team Member found.<\/p>[\/vc_column_inner][\/vc_row_inner][vc_empty_space height=&#8221;80px&#8221;][\/vc_column][\/vc_row][vc_row full_width=&#8221;stretch_row&#8221; css=&#8221;.vc_custom_1528837171971{background-color: #ffffff !important;background-position: center !important;background-repeat: no-repeat !important;background-size: cover !important;}&#8221;][vc_column][vc_empty_space height=&#8221;40px&#8221;]<div id=\"ins-heading-69f7042c4b33c\" class=\"inv-section-heading-wrapper text-center position-relative  \"><div class=\"inv-section-heading-title padding-15px-bottom\"><h2 style=\"color: #2a4a73\"  class=\"ins-section-heading-title-inner no-margin text-uppercase font-weight-300\">M\u00d6CHTEN SIE GERNE MIT UNS ZUSAMMENARBEITEN?<\/h2><\/div><\/div>[vc_empty_space height=&#8221;40px&#8221;]<div id='inv-button-69f7042c4b379' class='inv-button-wrapper inv-button-1-wrapper text-center inv-button-medium '><div class='inv-button-inner inv-button-1-inner'><a class='inv-button-content inv-button-1-content' href='https:\/\/nordicinternational.co.uk\/de\/kontakt\/' target=''>SENDEN SIE UNS EINE NACHRICHT<\/a><\/div><\/div><script type=\"text\/javascript\">\r\n\t\t(function(jQuery) {jQuery(\"head\").append(\"<style>#inv-button-69f7042c4b379 .inv-button-content, #inv-button-69f7042c4b379 .inv-button-4-icon, #inv-button-69f7042c4b379 span.inv-button-6-text {color: #2a4a73;}#inv-button-69f7042c4b379 .inv-button-content, #inv-button-69f7042c4b379 span.inv-button-6-text, #inv-button-69f7042c4b379 .inv-button-6-content:before {border-color: #e64933;}#inv-button-69f7042c4b379 .inv-button-content, #inv-button-69f7042c4b379 span.inv-button-6-text, #inv-button-69f7042c4b379 .inv-button-6-content:before {border-width: 2px;}#inv-button-69f7042c4b379 .inv-button-content {border-radius: 21px;}#inv-button-69f7042c4b379 .inv-button-content:hover, #inv-button-69f7042c4b379.inv-button-4-inner:hover .inv-button-4-icon, #inv-button-69f7042c4b379.inv-button-5-content:hover .inv-button-5-text,  #inv-button-69f7042c4b379 .inv-button-6-content:hover span.inv-button-6-text, #inv-button-69f7042c4b379.inv-button-4-content:hover .inv-button-4-icon {color: #ffffff;}#inv-button-69f7042c4b379 .inv-button-content:hover, #inv-button-69f7042c4b379 .inv-button-5-content:hover::after, #inv-button-69f7042c4b379inv-button-6-content:hover span.inv-button-6-text, #inv-button-69f7042c4b379 .inv-button-7-content:hover::before, #inv-button-69f7042c4b379 .inv-button-7-content:hover::before {background-color: #e64933;}#inv-button-69f7042c4b379 .inv-button-content:hover,  #inv-button-69f7042c4b379inv-button-6-content:hover span.inv-button-6-text,  #inv-button-69f7042c4b379inv-button-6-content:hover::before {border-color: #e64933;}<\/style>\")\r\n\t\t\t\t\t})(jQuery);\r\n\t\t\t\t\t\t<\/script>[vc_empty_space height=&#8221;80px&#8221;][\/vc_column][\/vc_row]<\/p>\n","protected":false},"excerpt":{"rendered":"<p>[vc_row full_width=&#8221;stretch_row&#8221; css=&#8221;.vc_custom_1528837171971{background-color: #ffffff !important;background-position: center !important;background-repeat: no-repeat !important;background-size: cover !important;}&#8221;][vc_column][vc_empty_space height=&#8221;40px&#8221;][vc_column_text] Unsere erfahrene Agentur f\u00fcr Finanz\u00fcbersetzungen bietet Schifffahrts- und Seefahrtsunternehmen erstklassige skandinavische \u00dcbersetzungen, scharfsichtigen Gesch\u00e4ftsjournalismus und fundierte Business Intelligence f\u00fcr eine klare Kommunikation. Unser Angebot reicht von Wirtschaftsjournalismus bis hin zur Bereitstellung eines festen schwedischen \u00dcbersetzers f\u00fcr Sie. Dabei k\u00f6nnen wir auf \u00fcber 25 [&hellip;]<\/p>\n","protected":false},"author":3,"featured_media":0,"parent":0,"menu_order":0,"comment_status":"closed","ping_status":"closed","template":"","meta":[],"_links":{"self":[{"href":"https:\/\/nordicinternational.co.uk\/de\/wp-json\/wp\/v2\/pages\/13166"}],"collection":[{"href":"https:\/\/nordicinternational.co.uk\/de\/wp-json\/wp\/v2\/pages"}],"about":[{"href":"https:\/\/nordicinternational.co.uk\/de\/wp-json\/wp\/v2\/types\/page"}],"author":[{"embeddable":true,"href":"https:\/\/nordicinternational.co.uk\/de\/wp-json\/wp\/v2\/users\/3"}],"replies":[{"embeddable":true,"href":"https:\/\/nordicinternational.co.uk\/de\/wp-json\/wp\/v2\/comments?post=13166"}],"version-history":[{"count":0,"href":"https:\/\/nordicinternational.co.uk\/de\/wp-json\/wp\/v2\/pages\/13166\/revisions"}],"wp:attachment":[{"href":"https:\/\/nordicinternational.co.uk\/de\/wp-json\/wp\/v2\/media?parent=13166"}],"curies":[{"name":"wp","href":"https:\/\/api.w.org\/{rel}","templated":true}]}}