{"id":13168,"date":"2018-06-12T20:09:22","date_gmt":"2018-06-12T20:09:22","guid":{"rendered":"https:\/\/nordicinternational.co.uk\/journalism-services\/"},"modified":"2018-10-16T09:16:33","modified_gmt":"2018-10-16T09:16:33","slug":"journalistische-dienstleistungen","status":"publish","type":"page","link":"https:\/\/nordicinternational.co.uk\/de\/journalistische-dienstleistungen\/","title":{"rendered":"Journalistische Dienstleistungen"},"content":{"rendered":"<p>[vc_row full_width=&#8221;stretch_row&#8221; css=&#8221;.vc_custom_1528837171971{background-color: #ffffff !important;background-position: center !important;background-repeat: no-repeat !important;background-size: cover !important;}&#8221;][vc_column]<div id=\"ins-heading-69e11f55e08c7\" class=\"inv-section-heading-wrapper text-center position-relative  \"><div class=\"inv-section-heading-title padding-15px-bottom\"><h2 style=\"color: #2a4a73\"  class=\"ins-section-heading-title-inner no-margin text-uppercase font-weight-300\">Von einem freiberuflichen Journalisten bis hin zu umfangreichen Teams f\u00fcr langfristige Wirtschaftsjournalismusprojekte \u2013 wir sorgen daf\u00fcr, dass Sie bekannt werden.<\/h2><\/div><\/div>[vc_empty_space height=&#8221;40px&#8221;][vc_row_inner equal_height=&#8221;yes&#8221; content_placement=&#8221;middle&#8221;][vc_column_inner width=&#8221;1\/2&#8243;][vc_column_text]<\/p>\n<p style=\"color: #2a4a73; text-align: left;\">Unsere Journalisten verf\u00fcgen \u00fcber mehrere Jahre einschl\u00e4gige Berufserfahrung, von Interviews mit bekannten Pers\u00f6nlichkeiten wie Premierministern, Pr\u00e4sidenten und Gesch\u00e4ftsf\u00fchrern gro\u00dfer Unternehmen bis hin zur Berichterstattung von UN-, EU- und NATO-Gipfeltreffen.<\/p>\n<p style=\"color: #2a4a73; text-align: left;\">F\u00fchrende internationale Nachrichtenagenturen, nationale Rundfunk- und Fernsehanstalten sowie Printmedien nutzen unser Netzwerk von erfahrenen, im Land ans\u00e4ssigen Journalisten mit vielseitigen Spezialisierungen und Sprachen. Unser Angebot reicht von Wirtschaftsjournalisten bis hin zu einem festen d\u00e4nischen oder schwedischen Journalisten f\u00fcr Ihre besonderen Anforderungen.<\/p>\n<p style=\"color: #2a4a73; text-align: left;\">Allein in der Schifffahrtsbranche haben wir Texte f\u00fcr den Telegraph, die Internationale Transportarbeiter-F\u00f6deration, Lloyds List, Seatrade, Bimco Bulletin, S\u00f8fartens Ledere, CO-S\u00f8fart und Job2Sea verfasst. Bei unserer umfangreichen T\u00e4tigkeit im Wirtschaftsjournalismus haben wir mit gro\u00dfen Nachrichtenorganisationen wie der Financial Times, dem Guardian, dem Independent, der Daily Mail und Nikkei Business Publications zusammengearbeitet.<\/p>\n<p style=\"color: #2a4a73; text-align: left;\">Suchen Sie einen freiberuflichen Journalisten mit Branchenkenntnis und einschl\u00e4giger Erfahrung? Nutzen Sie unsere Expertise f\u00fcr Ihren Wirtschafts- und Finanzjournalismus und machen Sie Ihr Unternehmen bekannt.<\/p>\n<p>[\/vc_column_text]<div id='inv-button-69e11f55e0924' class='inv-button-wrapper inv-button-1-wrapper text-left inv-button-medium '><div class='inv-button-inner inv-button-1-inner'><a class='inv-button-content inv-button-1-content' href='https:\/\/nordicinternational.co.uk\/de\/kontakt\/' target=''>Angebot anfordern<\/a><\/div><\/div><script type=\"text\/javascript\">\r\n\t\t(function(jQuery) {jQuery(\"head\").append(\"<style>#inv-button-69e11f55e0924 .inv-button-content, #inv-button-69e11f55e0924 .inv-button-4-icon, #inv-button-69e11f55e0924 span.inv-button-6-text {color: #2a4a73;}#inv-button-69e11f55e0924 .inv-button-content, #inv-button-69e11f55e0924 span.inv-button-6-text, #inv-button-69e11f55e0924 .inv-button-6-content:before {border-color: #e64933;}#inv-button-69e11f55e0924 .inv-button-content, #inv-button-69e11f55e0924 span.inv-button-6-text, #inv-button-69e11f55e0924 .inv-button-6-content:before {border-width: 2px;}#inv-button-69e11f55e0924 .inv-button-content {border-radius: 21px;}#inv-button-69e11f55e0924 .inv-button-content:hover, #inv-button-69e11f55e0924.inv-button-4-inner:hover .inv-button-4-icon, #inv-button-69e11f55e0924.inv-button-5-content:hover .inv-button-5-text,  #inv-button-69e11f55e0924 .inv-button-6-content:hover span.inv-button-6-text, #inv-button-69e11f55e0924.inv-button-4-content:hover .inv-button-4-icon {color: #ffffff;}#inv-button-69e11f55e0924 .inv-button-content:hover, #inv-button-69e11f55e0924 .inv-button-5-content:hover::after, #inv-button-69e11f55e0924inv-button-6-content:hover span.inv-button-6-text, #inv-button-69e11f55e0924 .inv-button-7-content:hover::before, #inv-button-69e11f55e0924 .inv-button-7-content:hover::before {background-color: #e64933;}#inv-button-69e11f55e0924 .inv-button-content:hover,  #inv-button-69e11f55e0924inv-button-6-content:hover span.inv-button-6-text,  #inv-button-69e11f55e0924inv-button-6-content:hover::before {border-color: #e64933;}<\/style>\")\r\n\t\t\t\t\t})(jQuery);\r\n\t\t\t\t\t\t<\/script>[\/vc_column_inner][vc_column_inner width=&#8221;1\/2&#8243;][vc_single_image image=&#8221;13401&#8243; img_size=&#8221;full&#8221; alignment=&#8221;center&#8221;][\/vc_column_inner][\/vc_row_inner][vc_empty_space height=&#8221;80px&#8221;][\/vc_column][\/vc_row][vc_row full_width=&#8221;stretch_row&#8221; css=&#8221;.vc_custom_1532341595213{background-color: #f9f9f9 !important;background-position: center !important;background-repeat: no-repeat !important;background-size: cover !important;}&#8221;][vc_column][vc_empty_space height=&#8221;40px&#8221;][vc_row_inner][vc_column_inner width=&#8221;1\/4&#8243;][\/vc_column_inner][vc_column_inner width=&#8221;1\/2&#8243;]<div id=\"ins-heading-69e11f55e0953\" class=\"inv-section-heading-wrapper text-center position-relative  \"><div class=\"inv-section-heading-title padding-15px-bottom\"><h2 style=\"color: #2a4a73\"  class=\"ins-section-heading-title-inner no-margin text-uppercase font-weight-300\">Journalistische Dienstleistungen<\/h2><\/div><\/div>[vc_empty_space height=&#8221;40px&#8221;][\/vc_column_inner][vc_column_inner width=&#8221;1\/4&#8243;][\/vc_column_inner][\/vc_row_inner][vc_row_inner][vc_column_inner width=&#8221;1\/3&#8243;]<div id='ins-icon-69e11f55e09b2' class='ins-icon-wrapper margin-20px-bottom   text-center  '><div class='ins-icon-box-icon margin-20px-bottom ins-top-icon-basic icon-extra-large'><i class='fa fa-pencil'><\/i><\/div><div class='ins-icon-box-content'><div class='ins-icon-box-title title-font margin-10px-bottom sm-margin-5px-bottom text-extra-large font-weight-300 letter-spacing-0.5'>Verfassen von Texten<\/div><p class='ins-icon-box-text  default'>M\u00f6chten Sie Ihr Unternehmen bekannter machen? Unser internationales Netzwerk von erfahrenen Journalisten bietet einzigartige Einblicke in Ihren Zielmarkt und gewinnt die Aufmerksamkeit Ihrer Zielgruppe. Ob Sie Artikel, Interviews, Produktbesprechungen oder Berichte ben\u00f6tigen, wir haben den richtigen freiberuflichen Journalisten f\u00fcr Sie. Unser Team kann Sie zudem mit Zusammenfassungen von Wirtschaftsartikeln oder anderen Dokumenten \u00fcber die Entwicklungen auf Ihrem Zielmarkt auf dem Laufenden halten.<br \/>\n<\/p><\/div><\/div><script type=\"text\/javascript\">\r\n\t\t(function(jQuery) {jQuery(\"head\").append(\"<style>#ins-icon-69e11f55e09b2 .ins-icon-box-icon i, #ins-icon-69e11f55e09b2 .ins-float-icon-inner i, #ins-icon-69e11f55e09b2 .ins-float-right-icon-inner i {color: #2a4a73;}#ins-icon-69e11f55e09b2 .ins-icon-box-title, #ins-icon-69e11f55e09b2 .ins-float-icon-box-title {color: #2a4a73;}#ins-icon-69e11f55e09b2 .ins-icon-box-text, #ins-icon-69e11f55e09b2 .ins-float-icon-box-text {color: #2a4a73;}<\/style>\")\r\n\t\t\t\t\t})(jQuery);\r\n\t\t\t\t\t\t<\/script>[\/vc_column_inner][vc_column_inner width=&#8221;1\/3&#8243;]<div id='ins-icon-69e11f55e09eb' class='ins-icon-wrapper margin-20px-bottom   text-center  '><div class='ins-icon-box-icon margin-20px-bottom ins-top-icon-basic icon-extra-large'><i class='fa fa-check-square-o'><\/i><\/div><div class='ins-icon-box-content'><div class='ins-icon-box-title title-font margin-10px-bottom sm-margin-5px-bottom text-extra-large font-weight-300 letter-spacing-0.5'>Korrekturlesen<\/div><p class='ins-icon-box-text  default'>Ben\u00f6tigen Sie eine letzte \u00dcberpr\u00fcfung, bevor Ihre Artikel ver\u00f6ffentlicht werden?<br \/>\nWir \u00fcberpr\u00fcfen Texte detailliert und korrigieren etwaige Grammatik- oder Rechtschreibfehler. Dieser Service behebt nur kleinere Fehler. W\u00e4hlen Sie unseren Editing Service, wenn Sie einen Text inhaltlich und stilistisch optimieren m\u00f6chten.<br \/>\n<\/p><\/div><\/div><script type=\"text\/javascript\">\r\n\t\t(function(jQuery) {jQuery(\"head\").append(\"<style>#ins-icon-69e11f55e09eb .ins-icon-box-icon i, #ins-icon-69e11f55e09eb .ins-float-icon-inner i, #ins-icon-69e11f55e09eb .ins-float-right-icon-inner i {color: #2a4a73;}#ins-icon-69e11f55e09eb .ins-icon-box-title, #ins-icon-69e11f55e09eb .ins-float-icon-box-title {color: #2a4a73;}#ins-icon-69e11f55e09eb .ins-icon-box-text, #ins-icon-69e11f55e09eb .ins-float-icon-box-text {color: #2a4a73;}<\/style>\")\r\n\t\t\t\t\t})(jQuery);\r\n\t\t\t\t\t\t<\/script>[\/vc_column_inner][vc_column_inner width=&#8221;1\/3&#8243;]<div id='ins-icon-69e11f55e0a1c' class='ins-icon-wrapper margin-20px-bottom   text-center  '><div class='ins-icon-box-icon margin-20px-bottom ins-top-icon-basic icon-extra-large'><i class='fa fa-file-text-o'><\/i><\/div><div class='ins-icon-box-content'><div class='ins-icon-box-title title-font margin-10px-bottom sm-margin-5px-bottom text-extra-large font-weight-300 letter-spacing-0.5'>Editieren<\/div><p class='ins-icon-box-text  default'>M\u00f6chten Sie Ihre Artikel f\u00fcr maximale Wirkung optimieren? Der f\u00fcr Sie zust\u00e4ndige freiberufliche Journalist bereitet den Text f\u00fcr die Ver\u00f6ffentlichung vor. Dazu geh\u00f6ren Korrigieren, K\u00fcrzen, Umschreiben und Verbessern des gesamten Inhalts, sodass ein unvergesslicher erster Eindruck entsteht.<\/p><\/div><\/div><script type=\"text\/javascript\">\r\n\t\t(function(jQuery) {jQuery(\"head\").append(\"<style>#ins-icon-69e11f55e0a1c .ins-icon-box-icon i, #ins-icon-69e11f55e0a1c .ins-float-icon-inner i, #ins-icon-69e11f55e0a1c .ins-float-right-icon-inner i {color: #2a4a73;}#ins-icon-69e11f55e0a1c .ins-icon-box-title, #ins-icon-69e11f55e0a1c .ins-float-icon-box-title {color: #2a4a73;}#ins-icon-69e11f55e0a1c .ins-icon-box-text, #ins-icon-69e11f55e0a1c .ins-float-icon-box-text {color: #2a4a73;}<\/style>\")\r\n\t\t\t\t\t})(jQuery);\r\n\t\t\t\t\t\t<\/script>[\/vc_column_inner][\/vc_row_inner][vc_empty_space height=&#8221;80px&#8221;][\/vc_column][\/vc_row][vc_row full_width=&#8221;stretch_row_content&#8221; css=&#8221;.vc_custom_1528839325221{background-image: url(https:\/\/nordicinternational.co.uk\/wordpress\/wp-content\/uploads\/2018\/06\/lucas-favre-434722-unsplash-2-1.jpg?id=12916) !important;background-position: center !important;background-repeat: no-repeat !important;background-size: cover !important;}&#8221;][vc_column][vc_empty_space height=&#8221;60px&#8221;][vc_row_inner equal_height=&#8221;yes&#8221; content_placement=&#8221;top&#8221;][vc_column_inner width=&#8221;1\/3&#8243; css=&#8221;.vc_custom_1528839376227{padding-right: 60px !important;padding-left: 60px !important;}&#8221;]<div id=\"ins-heading-69e11f55e0a43\" class=\"inv-section-heading-wrapper text-left position-relative  \"><div class=\"inv-section-heading-title padding-15px-bottom\"><h3 style=\"color: #ffffff\"  class=\"ins-section-heading-title-inner no-margin text-uppercase font-weight-300\">Gr\u00fcnde unsere Journalisten in Anspruch zu nehmen<\/h3><\/div><\/div><div id='ins-list-icon-69e11f55e0a6d' class='ins-simple-icon-list margin-35px-bottom ins-icon-list-simple list-icon-medium list-icon-border  '><ul class='ins-simple-icon-list-inner list-style-none no-padding'><li class='ins-list-style margin-10px-bottom position-relative'><i class='ins-icon-list-icon margin-10px-right display-inline-block position-absolute left-0 fa fa-check'><\/i> Verschaffen Sie sich einen Vorsprung gegen\u00fcber der Konkurrenz mit detailliertem Marktwissen und wertvollen Einblicken.<br \/><\/li><li class='ins-list-style margin-10px-bottom position-relative'><i class='ins-icon-list-icon margin-10px-right display-inline-block position-absolute left-0 fa fa-check'><\/i> Verwandeln Sie langatmige Artikel in gut verst\u00e4ndliche, pr\u00e4zise Texte.<br \/><\/li><li class='ins-list-style margin-10px-bottom position-relative'><i class='ins-icon-list-icon margin-10px-right display-inline-block position-absolute left-0 fa fa-check'><\/i> Auf unsere erfahrenen, engagierten Wirtschaftsjournalisten in Gro\u00dfbritannien, D\u00e4nemark, Finnland, Island und den USA k\u00f6nnen Sie sich verlassen.<br \/><\/li><li class='ins-list-style margin-10px-bottom position-relative'><i class='ins-icon-list-icon margin-10px-right display-inline-block position-absolute left-0 fa fa-check'><\/i> Lassen Sie Nachrichtenartikel, Reportagen, Rundschreiben, Websites, Pressemitteilungen und detaillierte marktspezifische BI-Berichte von Experten verfassen.<br \/><\/li><li class='ins-list-style margin-10px-bottom position-relative'><i class='ins-icon-list-icon margin-10px-right display-inline-block position-absolute left-0 fa fa-check'><\/i> Sparen Sie wertvolle Zeit mit unserem schnellen, flexiblen und freundlichen Service.<\/li><\/ul><\/div><script type=\"text\/javascript\">\r\n\t\t(function(jQuery) {jQuery(\"head\").append(\"<style>#ins-list-icon-69e11f55e0a6d .ins-list-style .ins-icon-list-icon{color: #ffffff;}#ins-list-icon-69e11f55e0a6d .ins-list-style{color: #ffffff;}<\/style>\")\r\n\t\t\t\t\t})(jQuery);\r\n\t\t\t\t\t\t<\/script>[\/vc_column_inner][vc_column_inner width=&#8221;1\/3&#8243; css=&#8221;.vc_custom_1528839383220{padding-right: 60px !important;padding-left: 60px !important;}&#8221;]<div id=\"ins-heading-69e11f55e0a94\" class=\"inv-section-heading-wrapper text-left position-relative  \"><div class=\"inv-section-heading-title padding-15px-bottom\"><h3 style=\"color: #ffffff\"  class=\"ins-section-heading-title-inner no-margin text-uppercase font-weight-300\">Wir bieten Korrektur- und Editierdienste in vielen Sprachen an, darunter:<\/h3><\/div><\/div><div id='ins-list-icon-69e11f55e0ab9' class='ins-simple-icon-list margin-35px-bottom ins-icon-list-simple list-icon-medium list-icon-border  '><ul class='ins-simple-icon-list-inner list-style-none no-padding'><li class='ins-list-style margin-10px-bottom position-relative'><i class='ins-icon-list-icon margin-10px-right display-inline-block position-absolute left-0 fa fa-check'><\/i> Englisch (Gro\u00dfbritannien oder USA)<br \/><\/li><li class='ins-list-style margin-10px-bottom position-relative'><i class='ins-icon-list-icon margin-10px-right display-inline-block position-absolute left-0 fa fa-check'><\/i> D\u00e4nisch, Norwegisch, Schwedisch, Finnisch und Isl\u00e4ndisch<br \/><\/li><li class='ins-list-style margin-10px-bottom position-relative'><i class='ins-icon-list-icon margin-10px-right display-inline-block position-absolute left-0 fa fa-check'><\/i> Deutsch (Deutschland und Schweiz), Niederl\u00e4ndisch, Franz\u00f6sisch, Italienisch und Spanisch<br \/><\/li><li class='ins-list-style margin-10px-bottom position-relative'><i class='ins-icon-list-icon margin-10px-right display-inline-block position-absolute left-0 fa fa-check'><\/i> Polnisch, Estnisch, Lettisch, Litauisch und Russisch<\/li><\/ul><\/div><script type=\"text\/javascript\">\r\n\t\t(function(jQuery) {jQuery(\"head\").append(\"<style>#ins-list-icon-69e11f55e0ab9 .ins-list-style .ins-icon-list-icon{color: #ffffff;}#ins-list-icon-69e11f55e0ab9 .ins-list-style{color: #ffffff;}<\/style>\")\r\n\t\t\t\t\t})(jQuery);\r\n\t\t\t\t\t\t<\/script>[\/vc_column_inner][vc_column_inner width=&#8221;1\/3&#8243; css=&#8221;.vc_custom_1528839390684{padding-right: 60px !important;padding-left: 60px !important;}&#8221;]<div id=\"ins-heading-69e11f55e0ad9\" class=\"inv-section-heading-wrapper text-left position-relative  \"><div class=\"inv-section-heading-title padding-15px-bottom\"><h3 style=\"color: #ffffff\"  class=\"ins-section-heading-title-inner no-margin text-uppercase font-weight-300\">Wir schreiben:<\/h3><\/div><\/div><div id='ins-list-icon-69e11f55e0afb' class='ins-simple-icon-list margin-35px-bottom ins-icon-list-simple list-icon-medium list-icon-border  '><ul class='ins-simple-icon-list-inner list-style-none no-padding'><li class='ins-list-style margin-10px-bottom position-relative'><i class='ins-icon-list-icon margin-10px-right display-inline-block position-absolute left-0 fa fa-check'><\/i> Artikel<br \/><\/li><li class='ins-list-style margin-10px-bottom position-relative'><i class='ins-icon-list-icon margin-10px-right display-inline-block position-absolute left-0 fa fa-check'><\/i> Berichte<br \/><\/li><li class='ins-list-style margin-10px-bottom position-relative'><i class='ins-icon-list-icon margin-10px-right display-inline-block position-absolute left-0 fa fa-check'><\/i> Interviews<br \/><\/li><li class='ins-list-style margin-10px-bottom position-relative'><i class='ins-icon-list-icon margin-10px-right display-inline-block position-absolute left-0 fa fa-check'><\/i> Marktspezifische Business-Intelligence-Berichte<br \/><\/li><li class='ins-list-style margin-10px-bottom position-relative'><i class='ins-icon-list-icon margin-10px-right display-inline-block position-absolute left-0 fa fa-check'><\/i> Aktuelle Informationen zur Marktlage<br \/><\/li><li class='ins-list-style margin-10px-bottom position-relative'><i class='ins-icon-list-icon margin-10px-right display-inline-block position-absolute left-0 fa fa-check'><\/i> Zusammenfassungen zu Markttrends f\u00fcr bestimmte Regionen<\/li><\/ul><\/div><script type=\"text\/javascript\">\r\n\t\t(function(jQuery) {jQuery(\"head\").append(\"<style>#ins-list-icon-69e11f55e0afb .ins-list-style .ins-icon-list-icon{color: #ffffff;}#ins-list-icon-69e11f55e0afb .ins-list-style{color: #ffffff;}<\/style>\")\r\n\t\t\t\t\t})(jQuery);\r\n\t\t\t\t\t\t<\/script>[\/vc_column_inner][\/vc_row_inner][vc_empty_space height=&#8221;80px&#8221;][\/vc_column][\/vc_row][vc_row full_width=&#8221;stretch_row&#8221; css=&#8221;.vc_custom_1528837171971{background-color: #ffffff !important;background-position: center !important;background-repeat: no-repeat !important;background-size: cover !important;}&#8221;][vc_column][vc_empty_space height=&#8221;40px&#8221;]<div id=\"ins-heading-69e11f55e0b1e\" class=\"inv-section-heading-wrapper text-center position-relative  \"><div class=\"inv-section-heading-title padding-15px-bottom\"><h2 style=\"color: #2a4a73\"  class=\"ins-section-heading-title-inner no-margin text-uppercase font-weight-300\">St\u00e4rken Sie Ihre Marke mit professionellem Journalismus in folgenden Sprachen:<\/h2><\/div><\/div>[vc_empty_space height=&#8221;40px&#8221;][vc_row_inner][vc_column_inner width=&#8221;1\/6&#8243;][vc_single_image image=&#8221;13084&#8243; img_size=&#8221;full&#8221; alignment=&#8221;center&#8221;][vc_column_text]<\/p>\n<p style=\"color: #2a4a73; text-align: center;\">Englisch<\/p>\n<p>[\/vc_column_text][\/vc_column_inner][vc_column_inner width=&#8221;1\/6&#8243;][vc_single_image image=&#8221;13082&#8243; img_size=&#8221;full&#8221; alignment=&#8221;center&#8221;][vc_column_text]<\/p>\n<p style=\"color: #2a4a73; text-align: center;\">D\u00e4nisch<\/p>\n<p>[\/vc_column_text][\/vc_column_inner][vc_column_inner width=&#8221;1\/6&#8243;][vc_single_image image=&#8221;13083&#8243; img_size=&#8221;full&#8221; alignment=&#8221;center&#8221;][vc_column_text]<\/p>\n<p style=\"color: #2a4a73; text-align: center;\">Deutsch<\/p>\n<p>[\/vc_column_text][\/vc_column_inner][vc_column_inner width=&#8221;1\/6&#8243;][vc_single_image image=&#8221;13087&#8243; img_size=&#8221;full&#8221; alignment=&#8221;center&#8221;][vc_column_text]<\/p>\n<p style=\"color: #2a4a73; text-align: center;\">Schwedisch<\/p>\n<p>[\/vc_column_text][\/vc_column_inner][vc_column_inner width=&#8221;1\/6&#8243;][vc_single_image image=&#8221;13086&#8243; img_size=&#8221;full&#8221; alignment=&#8221;center&#8221;][vc_column_text]<\/p>\n<p style=\"color: #2a4a73; text-align: center;\">Norwegisch<\/p>\n<p>[\/vc_column_text][\/vc_column_inner][vc_column_inner width=&#8221;1\/6&#8243;][vc_single_image image=&#8221;13085&#8243; img_size=&#8221;full&#8221; alignment=&#8221;center&#8221;][vc_column_text]<\/p>\n<p style=\"color: #2a4a73; text-align: center;\">Finnisch<\/p>\n<p>[\/vc_column_text][\/vc_column_inner][\/vc_row_inner][vc_empty_space height=&#8221;80px&#8221;][\/vc_column][\/vc_row]<\/p>\n","protected":false},"excerpt":{"rendered":"<p>[vc_row full_width=&#8221;stretch_row&#8221; css=&#8221;.vc_custom_1528837171971{background-color: #ffffff !important;background-position: center !important;background-repeat: no-repeat !important;background-size: cover !important;}&#8221;][vc_column][vc_empty_space height=&#8221;40px&#8221;][vc_row_inner equal_height=&#8221;yes&#8221; content_placement=&#8221;middle&#8221;][vc_column_inner width=&#8221;1\/2&#8243;][vc_column_text] Unsere Journalisten verf\u00fcgen \u00fcber mehrere Jahre einschl\u00e4gige Berufserfahrung, von Interviews mit bekannten Pers\u00f6nlichkeiten wie Premierministern, Pr\u00e4sidenten und Gesch\u00e4ftsf\u00fchrern gro\u00dfer Unternehmen bis hin zur Berichterstattung von UN-, EU- und NATO-Gipfeltreffen. F\u00fchrende internationale Nachrichtenagenturen, nationale Rundfunk- und Fernsehanstalten sowie Printmedien nutzen unser [&hellip;]<\/p>\n","protected":false},"author":3,"featured_media":0,"parent":0,"menu_order":0,"comment_status":"closed","ping_status":"closed","template":"","meta":[],"_links":{"self":[{"href":"https:\/\/nordicinternational.co.uk\/de\/wp-json\/wp\/v2\/pages\/13168"}],"collection":[{"href":"https:\/\/nordicinternational.co.uk\/de\/wp-json\/wp\/v2\/pages"}],"about":[{"href":"https:\/\/nordicinternational.co.uk\/de\/wp-json\/wp\/v2\/types\/page"}],"author":[{"embeddable":true,"href":"https:\/\/nordicinternational.co.uk\/de\/wp-json\/wp\/v2\/users\/3"}],"replies":[{"embeddable":true,"href":"https:\/\/nordicinternational.co.uk\/de\/wp-json\/wp\/v2\/comments?post=13168"}],"version-history":[{"count":0,"href":"https:\/\/nordicinternational.co.uk\/de\/wp-json\/wp\/v2\/pages\/13168\/revisions"}],"wp:attachment":[{"href":"https:\/\/nordicinternational.co.uk\/de\/wp-json\/wp\/v2\/media?parent=13168"}],"curies":[{"name":"wp","href":"https:\/\/api.w.org\/{rel}","templated":true}]}}